{"id":3259,"date":"2024-10-29T21:55:14","date_gmt":"2024-10-29T20:55:14","guid":{"rendered":"https:\/\/mimatvalles.com\/producto\/dermosiluet\/"},"modified":"2024-10-29T21:55:14","modified_gmt":"2024-10-29T20:55:14","slug":"dermosiluet","status":"publish","type":"product","link":"https:\/\/mimatvalles.com\/ca\/producte\/dermosiluet\/","title":{"rendered":"Dermosiluet"},"content":{"rendered":"<p>\u00c9s una t\u00e8cnica no invasiva i 100% natural que respecta les necessitats del teu cos de forma completa. No agredeix la pell ja que l&#8217;\u00fanic que fa \u00e9s reactivar el mecanisme cel\u00b7lular mitjan\u00e7ant un aparell que fa massatges a les zones que es volen millorar. D&#8217;aquesta manera aconseguirem reduir els adip\u00f2cits (\u00e9s a dir, les c\u00e8l\u00b7lules de greix) mitjan\u00e7ant una estimulaci\u00f3 natural i saludable. Amb Dermosiluet (Termosalud) aconseguir\u00e0s uns resultats sorprenents, ja que, des de la tercera sessi\u00f3, comen\u00e7ar\u00e0s a notar com la pell millora i com els focus de greix localitzat es van diluint. \u00c9s un tractament perfecte per afinar les zones m\u00e9s rebels i aconseguir esculpir el cos sense agredir-lo ni fer malb\u00e9 la pell. A m\u00e9s d&#8217;ajudar-nos a reduir el greix localitzat, aquest m\u00e8tode tamb\u00e9 \u00e9s ideal per:  <\/p>\n<ul>\n<li>Reduir la cel\u00b7lulitis<\/li>\n<li>Reafirmar la pell i donar-li m\u00e9s flexibilitat<\/li>\n<li>Millorar la circulaci\u00f3 limf\u00e0tica i sangu\u00ednia<\/li>\n<\/ul>\n<p>Actualment, al nostre centre d&#8217;est\u00e8tica comptem amb Dermosiluet de Termosalud, especialment dissenyat per tractar el greix de manera m\u00e9s localitzada. Amb aquest aparell podrem tractar zones com el ventre, les cuixes, els malucs, els bra\u00e7os, etc. Aquest cap\u00e7al s&#8217;adapta a les necessitats de la pell perqu\u00e8 aconsegueixis uns resultats sorprenents. El bo inclou la malla i el protocol de tractament  <\/p>\n","protected":false},"excerpt":{"rendered":"","protected":false},"featured_media":3076,"comment_status":"open","ping_status":"closed","template":"","meta":[],"product_brand":[],"product_cat":[51],"product_tag":[],"class_list":{"0":"post-3259","1":"product","2":"type-product","3":"status-publish","4":"has-post-thumbnail","6":"product_cat-tractaments-corporals","8":"first","9":"instock","10":"shipping-taxable","11":"purchasable","12":"product-type-variable"},"_links":{"self":[{"href":"https:\/\/mimatvalles.com\/ca\/wp-json\/wp\/v2\/product\/3259","targetHints":{"allow":["GET"]}}],"collection":[{"href":"https:\/\/mimatvalles.com\/ca\/wp-json\/wp\/v2\/product"}],"about":[{"href":"https:\/\/mimatvalles.com\/ca\/wp-json\/wp\/v2\/types\/product"}],"replies":[{"embeddable":true,"href":"https:\/\/mimatvalles.com\/ca\/wp-json\/wp\/v2\/comments?post=3259"}],"wp:featuredmedia":[{"embeddable":true,"href":"https:\/\/mimatvalles.com\/ca\/wp-json\/wp\/v2\/media\/3076"}],"wp:attachment":[{"href":"https:\/\/mimatvalles.com\/ca\/wp-json\/wp\/v2\/media?parent=3259"}],"wp:term":[{"taxonomy":"product_brand","embeddable":true,"href":"https:\/\/mimatvalles.com\/ca\/wp-json\/wp\/v2\/product_brand?post=3259"},{"taxonomy":"product_cat","embeddable":true,"href":"https:\/\/mimatvalles.com\/ca\/wp-json\/wp\/v2\/product_cat?post=3259"},{"taxonomy":"product_tag","embeddable":true,"href":"https:\/\/mimatvalles.com\/ca\/wp-json\/wp\/v2\/product_tag?post=3259"}],"curies":[{"name":"wp","href":"https:\/\/api.w.org\/{rel}","templated":true}]}}