{"id":3254,"date":"2024-10-29T21:55:14","date_gmt":"2024-10-29T20:55:14","guid":{"rendered":"https:\/\/mimatvalles.com\/producto\/quiromassatge-descontracturant-o-relaxant\/"},"modified":"2024-10-29T21:55:14","modified_gmt":"2024-10-29T20:55:14","slug":"quiromassatge-descontracturant-o-relaxant","status":"publish","type":"product","link":"https:\/\/mimatvalles.com\/ca\/producte\/quiromassatge-descontracturant-o-relaxant\/","title":{"rendered":"Quiromassatge descontracturant o relaxant"},"content":{"rendered":"<p>Quiromassatge es coneix com el massatge desenvolupat manualment com a part duna ter\u00e0pia. D&#8217;aquesta manera, un quiromassatge es diferencia dels que es fan amb diferents instruments o dispositius. Quan un quiromassatgista exerceix una pressi\u00f3 sobre una zona del cos on el seu pacient sent dolor, es produeix una resposta reflectida que permet calmar la malaltia. La pressi\u00f3 t\u00e0ctil i el fregament tamb\u00e9 poden impulsar altres mecanismes, com ara reduir la sensaci\u00f3 de cansament o modificar l&#8217;estat an\u00edmic. <\/p>\n<ul>\n<li>Alleugereix contractures musculars, tonifica la musculatura, relaxa el sistema nervi\u00f3s.<\/li>\n<li>Poden ser massatges de 30, 45 o 60 minuts.<\/li>\n<\/ul>\n","protected":false},"excerpt":{"rendered":"","protected":false},"featured_media":3096,"comment_status":"open","ping_status":"closed","template":"","meta":[],"product_brand":[],"product_cat":[49],"product_tag":[],"class_list":{"0":"post-3254","1":"product","2":"type-product","3":"status-publish","4":"has-post-thumbnail","6":"product_cat-massatges","8":"first","9":"instock","10":"shipping-taxable","11":"purchasable","12":"product-type-variable"},"_links":{"self":[{"href":"https:\/\/mimatvalles.com\/ca\/wp-json\/wp\/v2\/product\/3254","targetHints":{"allow":["GET"]}}],"collection":[{"href":"https:\/\/mimatvalles.com\/ca\/wp-json\/wp\/v2\/product"}],"about":[{"href":"https:\/\/mimatvalles.com\/ca\/wp-json\/wp\/v2\/types\/product"}],"replies":[{"embeddable":true,"href":"https:\/\/mimatvalles.com\/ca\/wp-json\/wp\/v2\/comments?post=3254"}],"wp:featuredmedia":[{"embeddable":true,"href":"https:\/\/mimatvalles.com\/ca\/wp-json\/wp\/v2\/media\/3096"}],"wp:attachment":[{"href":"https:\/\/mimatvalles.com\/ca\/wp-json\/wp\/v2\/media?parent=3254"}],"wp:term":[{"taxonomy":"product_brand","embeddable":true,"href":"https:\/\/mimatvalles.com\/ca\/wp-json\/wp\/v2\/product_brand?post=3254"},{"taxonomy":"product_cat","embeddable":true,"href":"https:\/\/mimatvalles.com\/ca\/wp-json\/wp\/v2\/product_cat?post=3254"},{"taxonomy":"product_tag","embeddable":true,"href":"https:\/\/mimatvalles.com\/ca\/wp-json\/wp\/v2\/product_tag?post=3254"}],"curies":[{"name":"wp","href":"https:\/\/api.w.org\/{rel}","templated":true}]}}