{"id":3247,"date":"2024-10-29T21:55:15","date_gmt":"2024-10-29T20:55:15","guid":{"rendered":"https:\/\/mimatvalles.com\/producto\/massatge-ritual-de-pedres-calentes\/"},"modified":"2025-07-07T18:05:17","modified_gmt":"2025-07-07T16:05:17","slug":"massatge-ritual-de-pedres-calentes","status":"publish","type":"product","link":"https:\/\/mimatvalles.com\/ca\/producte\/massatge-ritual-de-pedres-calentes\/","title":{"rendered":"Massatge + ritual de pedres calentes"},"content":{"rendered":"<div class=\"portfolio-content\">\n<p>El Ritual amb pedres calentes o volc\u00e0niques \u00e9s una t\u00e8cnica oriental que utilitza pedres en cicles de calor, aplicant-les a determinats punts energ\u00e8tics. El tractament estimula el reg sanguini i limf\u00e0tic, relaxant i restaurant el teixit muscular i proporcionant una deliciosa sensaci\u00f3 de relaxaci\u00f3.<\/p>\n<p>L&#8217;origen d&#8217;aquesta ter\u00e0pia ancestral es troba en una antiga t\u00e8cnica de massatge oriental inspirada en les disciplines que creuen que al nostre cos hi ha set centres energ\u00e8tics \u201cchakras\u201d, a trav\u00e9s dels quals l&#8217;energia flueix. La ter\u00e0pia geotermal permet combinar el massatge terap\u00e8utic juntament amb l&#8217;\u00fas de les pedres fredes i calentes, aconseguint aix\u00ed que l&#8217;energia flueixi adequadament alleujant el nostre malestar.<\/p>\n<p>La gemmoter\u00e0pia mineral, gr\u00e0cies al massatge amb pedres calentes volc\u00e0niques, \u00e9s una manera efica\u00e7 d&#8217;utilitzar el poder de la natura per nodrir, curar i reequilibrar. Els massatges amb pedres calentes volc\u00e0niques s\u00f3n beneficiosos tant a nivell f\u00edsic com a emocional.<\/p>\n<p>La difer\u00e8ncia de temperatures durant el massatge ajuda a relaxar els m\u00fasculs i aporta els beneficis seg\u00fcents:<\/p>\n<ul>\n<li>Millora la circulaci\u00f3<\/li>\n<li>Ajuda a alleujar dolors musculars<\/li>\n<li>Redueix l&#8217;estr\u00e8s i l&#8217;ajuda en casos d&#8217;ansietat i depressi\u00f3.<\/li>\n<li>El massatge amb pedres calentes \u00e9s un dels remeis de\u00a0 l&#8217;insomni<\/li>\n<\/ul>\n<\/div>\n","protected":false},"excerpt":{"rendered":"","protected":false},"featured_media":3845,"comment_status":"open","ping_status":"closed","template":"","meta":[],"product_brand":[],"product_cat":[49],"product_tag":[],"class_list":{"0":"post-3247","1":"product","2":"type-product","3":"status-publish","4":"has-post-thumbnail","6":"product_cat-massatges","8":"first","9":"instock","10":"shipping-taxable","11":"purchasable","12":"product-type-variable"},"_links":{"self":[{"href":"https:\/\/mimatvalles.com\/ca\/wp-json\/wp\/v2\/product\/3247","targetHints":{"allow":["GET"]}}],"collection":[{"href":"https:\/\/mimatvalles.com\/ca\/wp-json\/wp\/v2\/product"}],"about":[{"href":"https:\/\/mimatvalles.com\/ca\/wp-json\/wp\/v2\/types\/product"}],"replies":[{"embeddable":true,"href":"https:\/\/mimatvalles.com\/ca\/wp-json\/wp\/v2\/comments?post=3247"}],"wp:featuredmedia":[{"embeddable":true,"href":"https:\/\/mimatvalles.com\/ca\/wp-json\/wp\/v2\/media\/3845"}],"wp:attachment":[{"href":"https:\/\/mimatvalles.com\/ca\/wp-json\/wp\/v2\/media?parent=3247"}],"wp:term":[{"taxonomy":"product_brand","embeddable":true,"href":"https:\/\/mimatvalles.com\/ca\/wp-json\/wp\/v2\/product_brand?post=3247"},{"taxonomy":"product_cat","embeddable":true,"href":"https:\/\/mimatvalles.com\/ca\/wp-json\/wp\/v2\/product_cat?post=3247"},{"taxonomy":"product_tag","embeddable":true,"href":"https:\/\/mimatvalles.com\/ca\/wp-json\/wp\/v2\/product_tag?post=3247"}],"curies":[{"name":"wp","href":"https:\/\/api.w.org\/{rel}","templated":true}]}}