{"id":3245,"date":"2024-10-29T21:55:13","date_gmt":"2024-10-29T20:55:13","guid":{"rendered":"https:\/\/mimatvalles.com\/producto\/lifting-tint-de-pestanyes\/"},"modified":"2024-10-29T21:55:13","modified_gmt":"2024-10-29T20:55:13","slug":"lifting-tint-de-pestanyes","status":"publish","type":"product","link":"https:\/\/mimatvalles.com\/ca\/producte\/lifting-tint-de-pestanyes\/","title":{"rendered":"Lifting + tint de pestanyes"},"content":{"rendered":"<p>Al nostre centre podr\u00e0s trobar tractaments complementaris als teus rituals de bellesa, ja sigui per a ocasions especials, com per a un canvi a la teva cara aportant vitalitat, lluminositat i profunditat a la teva mirada. Sorpr\u00e8n-te del teu potencial natural. Gr\u00e0cies a l&#8217;elevaci\u00f3 allargament i coloraci\u00f3 de les pestanyes, veur\u00e0s com canvia la teva mirada, els teus ulls seran m\u00e9s profunds, suggeridors i oberts.  <\/p>\n","protected":false},"excerpt":{"rendered":"<p>Oferim tractaments que realcen la teva bellesa natural, incloent elevaci\u00f3, allargament i coloraci\u00f3 de pestanyes per aconseguir una mirada m\u00e9s profunda i suggeridora, afegint vitalitat i lluminositat a la teva cara per a ocasions especials o simplement per ressaltar el teu potencial natural.<\/p>\n","protected":false},"featured_media":3058,"comment_status":"open","ping_status":"closed","template":"","meta":[],"product_brand":[],"product_cat":[50],"product_tag":[],"class_list":{"0":"post-3245","1":"product","2":"type-product","3":"status-publish","4":"has-post-thumbnail","6":"product_cat-tractaments-facials","8":"first","9":"instock","10":"shipping-taxable","11":"purchasable","12":"product-type-simple"},"_links":{"self":[{"href":"https:\/\/mimatvalles.com\/ca\/wp-json\/wp\/v2\/product\/3245","targetHints":{"allow":["GET"]}}],"collection":[{"href":"https:\/\/mimatvalles.com\/ca\/wp-json\/wp\/v2\/product"}],"about":[{"href":"https:\/\/mimatvalles.com\/ca\/wp-json\/wp\/v2\/types\/product"}],"replies":[{"embeddable":true,"href":"https:\/\/mimatvalles.com\/ca\/wp-json\/wp\/v2\/comments?post=3245"}],"wp:featuredmedia":[{"embeddable":true,"href":"https:\/\/mimatvalles.com\/ca\/wp-json\/wp\/v2\/media\/3058"}],"wp:attachment":[{"href":"https:\/\/mimatvalles.com\/ca\/wp-json\/wp\/v2\/media?parent=3245"}],"wp:term":[{"taxonomy":"product_brand","embeddable":true,"href":"https:\/\/mimatvalles.com\/ca\/wp-json\/wp\/v2\/product_brand?post=3245"},{"taxonomy":"product_cat","embeddable":true,"href":"https:\/\/mimatvalles.com\/ca\/wp-json\/wp\/v2\/product_cat?post=3245"},{"taxonomy":"product_tag","embeddable":true,"href":"https:\/\/mimatvalles.com\/ca\/wp-json\/wp\/v2\/product_tag?post=3245"}],"curies":[{"name":"wp","href":"https:\/\/api.w.org\/{rel}","templated":true}]}}