{"id":3240,"date":"2024-10-29T21:55:13","date_gmt":"2024-10-29T20:55:13","guid":{"rendered":"https:\/\/mimatvalles.com\/producto\/higiene-profunda-oxigenacio\/"},"modified":"2024-10-29T21:55:13","modified_gmt":"2024-10-29T20:55:13","slug":"higiene-profunda-oxigenacio","status":"publish","type":"product","link":"https:\/\/mimatvalles.com\/ca\/producte\/higiene-profunda-oxigenacio\/","title":{"rendered":"Higiene profunda + oxigenaci\u00f3"},"content":{"rendered":"<p>Aquesta neteja facial completa inclou el diagn\u00f2stic per saber quina cura li correspon, exfoliaci\u00f3, extracci\u00f3 amb vapor, alta freq\u00fc\u00e8ncia, aplicaci\u00f3 de biol\u00f2gic de pl\u00e0ncton mar\u00ed, conjunt d&#8217;olis essencials, segons la pell, massatge relaxant de cara, coll, espatlles i m\u00e0scara.<br \/>\nS&#8217;aconsella abans de qualsevol tractament de radiofreq\u00fc\u00e8ncia o vitamines (Dermapen). El tractament finalitza amb una crema hidratant. <\/p>\n","protected":false},"excerpt":{"rendered":"<p>La nostra neteja facial completa inclou diagn\u00f2stic, exfoliaci\u00f3, extracci\u00f3 amb vapor, tractament d&#8217;alta freq\u00fc\u00e8ncia, aplicaci\u00f3 de biol\u00f2gic de pl\u00e0ncton mar\u00ed i olis essencials, seguit d&#8217;un relaxant massatge facial i m\u00e0scara. Recomanat abans de tractaments com ara radiofreq\u00fc\u00e8ncia o Dermapen, amb acabat de crema hidratant. <\/p>\n","protected":false},"featured_media":3060,"comment_status":"open","ping_status":"closed","template":"","meta":[],"product_brand":[],"product_cat":[50],"product_tag":[],"class_list":{"0":"post-3240","1":"product","2":"type-product","3":"status-publish","4":"has-post-thumbnail","6":"product_cat-tractaments-facials","8":"first","9":"instock","10":"shipping-taxable","11":"purchasable","12":"product-type-simple"},"_links":{"self":[{"href":"https:\/\/mimatvalles.com\/ca\/wp-json\/wp\/v2\/product\/3240","targetHints":{"allow":["GET"]}}],"collection":[{"href":"https:\/\/mimatvalles.com\/ca\/wp-json\/wp\/v2\/product"}],"about":[{"href":"https:\/\/mimatvalles.com\/ca\/wp-json\/wp\/v2\/types\/product"}],"replies":[{"embeddable":true,"href":"https:\/\/mimatvalles.com\/ca\/wp-json\/wp\/v2\/comments?post=3240"}],"wp:featuredmedia":[{"embeddable":true,"href":"https:\/\/mimatvalles.com\/ca\/wp-json\/wp\/v2\/media\/3060"}],"wp:attachment":[{"href":"https:\/\/mimatvalles.com\/ca\/wp-json\/wp\/v2\/media?parent=3240"}],"wp:term":[{"taxonomy":"product_brand","embeddable":true,"href":"https:\/\/mimatvalles.com\/ca\/wp-json\/wp\/v2\/product_brand?post=3240"},{"taxonomy":"product_cat","embeddable":true,"href":"https:\/\/mimatvalles.com\/ca\/wp-json\/wp\/v2\/product_cat?post=3240"},{"taxonomy":"product_tag","embeddable":true,"href":"https:\/\/mimatvalles.com\/ca\/wp-json\/wp\/v2\/product_tag?post=3240"}],"curies":[{"name":"wp","href":"https:\/\/api.w.org\/{rel}","templated":true}]}}