{"id":3233,"date":"2024-10-29T21:55:14","date_gmt":"2024-10-29T20:55:14","guid":{"rendered":"https:\/\/mimatvalles.com\/producto\/criolipolisi\/"},"modified":"2024-10-29T21:55:14","modified_gmt":"2024-10-29T20:55:14","slug":"criolipolisi","status":"publish","type":"product","link":"https:\/\/mimatvalles.com\/ca\/producte\/criolipolisi\/","title":{"rendered":"Criolip\u00f2lisi"},"content":{"rendered":"<div class=\"flex-shrink-0 flex flex-col relative items-end\">\n<div>\n<div class=\"pt-0\">\n<div class=\"gizmo-bot-avatar flex h-8 w-8 items-center justify-center overflow-hidden rounded-full\">\n<div class=\"relative p-1 rounded-sm flex items-center justify-center bg-token-main-surface-primary text-token-text-primary h-8 w-8\">Oferim un nou i efica\u00e7 procediment est\u00e8tic no invasiu que elimina el greix localitzat mitjan\u00e7ant l&#8217;aplicaci\u00f3 de fred de manera c\u00f2moda i efectiva. Aquest tractament aconseguix els mateixos resultats que una liposucci\u00f3, amb l&#8217;avantatge d&#8217;evitar el quir\u00f2fan. <\/div>\n<\/div>\n<\/div>\n<\/div>\n<\/div>\n<div class=\"group\/conversation-turn relative flex w-full min-w-0 flex-col agent-turn\">\n<div class=\"flex-col gap-1 md:gap-3\">\n<div class=\"flex max-w-full flex-col flex-grow\">\n<div class=\"min-h-8 text-message flex w-full flex-col items-end gap-2 whitespace-normal break-words [.text-message+&amp;]:mt-5\" dir=\"auto\" data-message-author-role=\"assistant\" data-message-id=\"eea57c7c-ff83-4306-9450-100a5b413460\" data-message-model-slug=\"gpt-4o\">\n<div class=\"flex w-full flex-col gap-1 empty:hidden first:pt-[3px]\">\n<div class=\"markdown prose w-full break-words dark:prose-invert dark\">\n<p>\u00c9s una t\u00e8cnica sense dolor, sense cirurgia i sense necessitat de recuperaci\u00f3, que permet reprendre l&#8217;activitat di\u00e0ria des de la primera sessi\u00f3. En aplicar fred, els adip\u00f2cits (c\u00e8l\u00b7lules greixoses) es descomponen i s\u00f3n destru\u00efts, reduint el volum de la zona tractada de forma permanent, ja que aquestes c\u00e8l\u00b7lules no es regeneren. El cos elimina les c\u00e8l\u00b7lules greixos de manera gradual a trav\u00e9s del proc\u00e9s metab\u00f2lic natural.  <\/p>\n<p><strong>Beneficis:<\/strong><\/p>\n<ul>\n<li>Reducci\u00f3 de fins a 4 cm en una sessi\u00f3.<\/li>\n<li>Disminuci\u00f3 del 30% de greix a la zona tractada.<\/li>\n<\/ul>\n<h3>Termo Contrast<\/h3>\n<p>La t\u00e8cnica de termocontrast millora la circulaci\u00f3 i el sistema limf\u00e0tic, facilitant l&#8217;eliminaci\u00f3 de l\u00edquids i toxines. Funciona mitjan\u00e7ant un contrast de temperatures constant entre 5\u00ba i 35\u00ba C, sense necessitat de cold packs de protecci\u00f3. \u00c9s ideal per a protocols de remodelaci\u00f3 corporal i \u00e9s compatible amb tecnologies com vacuum, radiofreq\u00fc\u00e8ncia, cavitaci\u00f3 i ones de xoc, entre d&#8217;altres. <\/p>\n<\/div>\n<\/div>\n<\/div>\n<\/div>\n<\/div>\n<\/div>\n","protected":false},"excerpt":{"rendered":"","protected":false},"featured_media":3066,"comment_status":"open","ping_status":"closed","template":"","meta":[],"product_brand":[],"product_cat":[51],"product_tag":[],"class_list":{"0":"post-3233","1":"product","2":"type-product","3":"status-publish","4":"has-post-thumbnail","6":"product_cat-tractaments-corporals","8":"first","9":"instock","10":"shipping-taxable","11":"purchasable","12":"product-type-variable"},"_links":{"self":[{"href":"https:\/\/mimatvalles.com\/ca\/wp-json\/wp\/v2\/product\/3233","targetHints":{"allow":["GET"]}}],"collection":[{"href":"https:\/\/mimatvalles.com\/ca\/wp-json\/wp\/v2\/product"}],"about":[{"href":"https:\/\/mimatvalles.com\/ca\/wp-json\/wp\/v2\/types\/product"}],"replies":[{"embeddable":true,"href":"https:\/\/mimatvalles.com\/ca\/wp-json\/wp\/v2\/comments?post=3233"}],"wp:featuredmedia":[{"embeddable":true,"href":"https:\/\/mimatvalles.com\/ca\/wp-json\/wp\/v2\/media\/3066"}],"wp:attachment":[{"href":"https:\/\/mimatvalles.com\/ca\/wp-json\/wp\/v2\/media?parent=3233"}],"wp:term":[{"taxonomy":"product_brand","embeddable":true,"href":"https:\/\/mimatvalles.com\/ca\/wp-json\/wp\/v2\/product_brand?post=3233"},{"taxonomy":"product_cat","embeddable":true,"href":"https:\/\/mimatvalles.com\/ca\/wp-json\/wp\/v2\/product_cat?post=3233"},{"taxonomy":"product_tag","embeddable":true,"href":"https:\/\/mimatvalles.com\/ca\/wp-json\/wp\/v2\/product_tag?post=3233"}],"curies":[{"name":"wp","href":"https:\/\/api.w.org\/{rel}","templated":true}]}}