{"id":3231,"date":"2024-10-29T21:55:14","date_gmt":"2024-10-29T20:55:14","guid":{"rendered":"https:\/\/mimatvalles.com\/producto\/d-finitive-evo-corporal\/"},"modified":"2024-10-29T21:55:14","modified_gmt":"2024-10-29T20:55:14","slug":"d-finitive-evo-corporal","status":"publish","type":"product","link":"https:\/\/mimatvalles.com\/ca\/producte\/d-finitive-evo-corporal\/","title":{"rendered":"D-finitive EVO Corporal"},"content":{"rendered":"<p>D FINITIVE EVO 3D \u00e9s una de les tecnologies de radiofreq\u00fc\u00e8ncia bipolar m\u00e9s innovadores en sistemes de remodelaci\u00f3 corporal, drenatge, rejoveniment, tensat, cel\u00b7lulitis, aix\u00ed com el tractament i eliminaci\u00f3 del teixit adip\u00f3s. La fusi\u00f3 del sistema vacuum de rotaci\u00f3 progressiva fins a 90\u00b0 i la radiofreq\u00fc\u00e8ncia mobilitza el teixit edemat\u00f3s i fibrossat. L&#8217;aportaci\u00f3 mec\u00e0nica i t\u00e8rmica t\u00e9 una gran capacitat per eliminar l\u00edquids i toxines. L&#8217;endot\u00e8rmia, la radiofreq\u00fc\u00e8ncia i la vacuum est\u00e0tica permet crear un protocol que incideix en la reafirmaci\u00f3 del teixit i en l&#8217;eliminaci\u00f3 de cel\u00b7lulitis i adipositats. Possibilitat de seleccionar entre dues freq\u00fc\u00e8ncies segons la profunditat. Disposa d\u00b4un el\u00e8ctrode de contacte de crioter\u00e0pia per tractar pells sensibles i en casos de baixa toler\u00e0ncia t\u00e8rmica. El cap\u00e7al hexapolar corporal permet incidir a zones excloses per vacuum. Zones a tractar: abdomen, glutis, cames, bra\u00e7os i esquena.<\/p>\n","protected":false},"excerpt":{"rendered":"","protected":false},"featured_media":3070,"comment_status":"open","ping_status":"closed","template":"","meta":[],"product_brand":[],"product_cat":[51],"product_tag":[],"class_list":{"0":"post-3231","1":"product","2":"type-product","3":"status-publish","4":"has-post-thumbnail","6":"product_cat-tractaments-corporals","8":"first","9":"instock","10":"shipping-taxable","11":"purchasable","12":"product-type-variable"},"_links":{"self":[{"href":"https:\/\/mimatvalles.com\/ca\/wp-json\/wp\/v2\/product\/3231","targetHints":{"allow":["GET"]}}],"collection":[{"href":"https:\/\/mimatvalles.com\/ca\/wp-json\/wp\/v2\/product"}],"about":[{"href":"https:\/\/mimatvalles.com\/ca\/wp-json\/wp\/v2\/types\/product"}],"replies":[{"embeddable":true,"href":"https:\/\/mimatvalles.com\/ca\/wp-json\/wp\/v2\/comments?post=3231"}],"wp:featuredmedia":[{"embeddable":true,"href":"https:\/\/mimatvalles.com\/ca\/wp-json\/wp\/v2\/media\/3070"}],"wp:attachment":[{"href":"https:\/\/mimatvalles.com\/ca\/wp-json\/wp\/v2\/media?parent=3231"}],"wp:term":[{"taxonomy":"product_brand","embeddable":true,"href":"https:\/\/mimatvalles.com\/ca\/wp-json\/wp\/v2\/product_brand?post=3231"},{"taxonomy":"product_cat","embeddable":true,"href":"https:\/\/mimatvalles.com\/ca\/wp-json\/wp\/v2\/product_cat?post=3231"},{"taxonomy":"product_tag","embeddable":true,"href":"https:\/\/mimatvalles.com\/ca\/wp-json\/wp\/v2\/product_tag?post=3231"}],"curies":[{"name":"wp","href":"https:\/\/api.w.org\/{rel}","templated":true}]}}