{"id":3226,"date":"2024-10-29T21:55:14","date_gmt":"2024-10-29T20:55:14","guid":{"rendered":"https:\/\/mimatvalles.com\/producto\/electroestimulacio\/"},"modified":"2024-10-29T21:55:14","modified_gmt":"2024-10-29T20:55:14","slug":"electroestimulacio","status":"publish","type":"product","link":"https:\/\/mimatvalles.com\/ca\/producte\/electroestimulacio\/","title":{"rendered":"Electroestimulaci\u00f3"},"content":{"rendered":"<p>L&#8217;electroestimulaci\u00f3 funciona en l&#8217;est\u00e8tica com a tractament aprimant i anticel\u00b7lul\u00edtic. En el cas dels tractaments d&#8217;est\u00e8tica, l&#8217;electroestimulaci\u00f3 funciona com a tractament aprimant, ja que, gr\u00e0cies a la intensitat que obtenim a cada sessi\u00f3 d&#8217;electroestimulaci\u00f3, aconseguim que hi hagi un consum cal\u00f2ric molt superior al que aconseguir\u00edem amb un entrenament convencional. Aquest canvi de manera d&#8217;entrenar ens aporta uns resultats espectaculars. Alhora, tamb\u00e9 millora ostensiblement l&#8217;aspecte de la pell i ens ajuda en l&#8217;eliminaci\u00f3 de la cel\u00b7lulitis, a augmentar el to muscular i millorar la flacciditat de la pell.<\/p>\n","protected":false},"excerpt":{"rendered":"","protected":false},"featured_media":3068,"comment_status":"open","ping_status":"closed","template":"","meta":[],"product_brand":[],"product_cat":[51],"product_tag":[],"class_list":{"0":"post-3226","1":"product","2":"type-product","3":"status-publish","4":"has-post-thumbnail","6":"product_cat-tractaments-corporals","8":"first","9":"instock","10":"shipping-taxable","11":"purchasable","12":"product-type-variable"},"_links":{"self":[{"href":"https:\/\/mimatvalles.com\/ca\/wp-json\/wp\/v2\/product\/3226","targetHints":{"allow":["GET"]}}],"collection":[{"href":"https:\/\/mimatvalles.com\/ca\/wp-json\/wp\/v2\/product"}],"about":[{"href":"https:\/\/mimatvalles.com\/ca\/wp-json\/wp\/v2\/types\/product"}],"replies":[{"embeddable":true,"href":"https:\/\/mimatvalles.com\/ca\/wp-json\/wp\/v2\/comments?post=3226"}],"wp:featuredmedia":[{"embeddable":true,"href":"https:\/\/mimatvalles.com\/ca\/wp-json\/wp\/v2\/media\/3068"}],"wp:attachment":[{"href":"https:\/\/mimatvalles.com\/ca\/wp-json\/wp\/v2\/media?parent=3226"}],"wp:term":[{"taxonomy":"product_brand","embeddable":true,"href":"https:\/\/mimatvalles.com\/ca\/wp-json\/wp\/v2\/product_brand?post=3226"},{"taxonomy":"product_cat","embeddable":true,"href":"https:\/\/mimatvalles.com\/ca\/wp-json\/wp\/v2\/product_cat?post=3226"},{"taxonomy":"product_tag","embeddable":true,"href":"https:\/\/mimatvalles.com\/ca\/wp-json\/wp\/v2\/product_tag?post=3226"}],"curies":[{"name":"wp","href":"https:\/\/api.w.org\/{rel}","templated":true}]}}