{"id":3224,"date":"2024-10-29T21:55:14","date_gmt":"2024-10-29T20:55:14","guid":{"rendered":"https:\/\/mimatvalles.com\/producto\/radiofrequencia-capacitiva-i-resistiva\/"},"modified":"2024-10-29T21:55:14","modified_gmt":"2024-10-29T20:55:14","slug":"radiofrequencia-capacitiva-i-resistiva","status":"publish","type":"product","link":"https:\/\/mimatvalles.com\/ca\/producte\/radiofrequencia-capacitiva-i-resistiva\/","title":{"rendered":"Radiofreq\u00fc\u00e8ncia capacitiva i resistiva"},"content":{"rendered":"<p>La radiofreq\u00fc\u00e8ncia corporal \u00e9s un tractament est\u00e8tic molt demandat actualment gr\u00e0cies als seus m\u00faltiples beneficis. Ideal per combatre la cel\u00b7lulitis, el greix localitzat i la flacciditat. Defineix la figura i reafirma. La radiofreq\u00fc\u00e8ncia afavoreix el drenatge limf\u00e0tic natural del cos, eliminant m\u00e9s r\u00e0pidament l\u00edquids i toxines (causants de la cel\u00b7lulitis). A m\u00e9s, afavoreix la formaci\u00f3 de fibroblasts, responsables de produir col\u00b7lagen i elastina a les capes internes, recuperant i reestructurant el teixit subcutani, dotant-lo de fermesa. Tamb\u00e9 resulta molt efectiva per recuperar lesions, tractar cicatrius, dolors musculars, ci\u00e0tiques, articulars i tendinosos. Zones d&#8217;aplicaci\u00f3? Bra\u00e7os, abdomen, cames, glutis i pit. Tamb\u00e9 es poden aplicar a la cara, a la cara, coll, papada i escot. Les sessions variaran segons morfologia corporal i zona a tractar.     <\/p>\n","protected":false},"excerpt":{"rendered":"","protected":false},"featured_media":3072,"comment_status":"open","ping_status":"closed","template":"","meta":[],"product_brand":[],"product_cat":[51],"product_tag":[],"class_list":{"0":"post-3224","1":"product","2":"type-product","3":"status-publish","4":"has-post-thumbnail","6":"product_cat-tractaments-corporals","8":"first","9":"instock","10":"shipping-taxable","11":"purchasable","12":"product-type-variable"},"_links":{"self":[{"href":"https:\/\/mimatvalles.com\/ca\/wp-json\/wp\/v2\/product\/3224","targetHints":{"allow":["GET"]}}],"collection":[{"href":"https:\/\/mimatvalles.com\/ca\/wp-json\/wp\/v2\/product"}],"about":[{"href":"https:\/\/mimatvalles.com\/ca\/wp-json\/wp\/v2\/types\/product"}],"replies":[{"embeddable":true,"href":"https:\/\/mimatvalles.com\/ca\/wp-json\/wp\/v2\/comments?post=3224"}],"wp:featuredmedia":[{"embeddable":true,"href":"https:\/\/mimatvalles.com\/ca\/wp-json\/wp\/v2\/media\/3072"}],"wp:attachment":[{"href":"https:\/\/mimatvalles.com\/ca\/wp-json\/wp\/v2\/media?parent=3224"}],"wp:term":[{"taxonomy":"product_brand","embeddable":true,"href":"https:\/\/mimatvalles.com\/ca\/wp-json\/wp\/v2\/product_brand?post=3224"},{"taxonomy":"product_cat","embeddable":true,"href":"https:\/\/mimatvalles.com\/ca\/wp-json\/wp\/v2\/product_cat?post=3224"},{"taxonomy":"product_tag","embeddable":true,"href":"https:\/\/mimatvalles.com\/ca\/wp-json\/wp\/v2\/product_tag?post=3224"}],"curies":[{"name":"wp","href":"https:\/\/api.w.org\/{rel}","templated":true}]}}