{"id":3222,"date":"2024-10-29T21:55:14","date_gmt":"2024-10-29T20:55:14","guid":{"rendered":"https:\/\/mimatvalles.com\/producto\/cavitacio-de-termosalut\/"},"modified":"2024-10-29T21:55:14","modified_gmt":"2024-10-29T20:55:14","slug":"cavitacio-de-termosalut","status":"publish","type":"product","link":"https:\/\/mimatvalles.com\/ca\/producte\/cavitacio-de-termosalut\/","title":{"rendered":"Cavitaci\u00f3 de Termosalut"},"content":{"rendered":"<p>La cavitaci\u00f3 \u00e9s un innovador sistema que funciona a trav\u00e9s d&#8217;ones ultras\u00f2niques de baixa freq\u00fc\u00e8ncia, les quals generen microsc\u00f2piques bombolles en el teixit gras, capaces d&#8217;implosionar destruint les c\u00e8l\u00b7lules adiposes i transformant el greix en subst\u00e0ncia l\u00edquida, que posteriorment \u00e9s eliminat pel cos. Per tant obtenim una disminuci\u00f3 considerable del greix localitzat, fins i tot a les zones m\u00e9s dif\u00edcils. Tractament localitzat i indolor. <\/p>\n","protected":false},"excerpt":{"rendered":"","protected":false},"featured_media":3074,"comment_status":"open","ping_status":"closed","template":"","meta":[],"product_brand":[],"product_cat":[51],"product_tag":[],"class_list":{"0":"post-3222","1":"product","2":"type-product","3":"status-publish","4":"has-post-thumbnail","6":"product_cat-tractaments-corporals","8":"first","9":"instock","10":"shipping-taxable","11":"purchasable","12":"product-type-variable"},"_links":{"self":[{"href":"https:\/\/mimatvalles.com\/ca\/wp-json\/wp\/v2\/product\/3222","targetHints":{"allow":["GET"]}}],"collection":[{"href":"https:\/\/mimatvalles.com\/ca\/wp-json\/wp\/v2\/product"}],"about":[{"href":"https:\/\/mimatvalles.com\/ca\/wp-json\/wp\/v2\/types\/product"}],"replies":[{"embeddable":true,"href":"https:\/\/mimatvalles.com\/ca\/wp-json\/wp\/v2\/comments?post=3222"}],"wp:featuredmedia":[{"embeddable":true,"href":"https:\/\/mimatvalles.com\/ca\/wp-json\/wp\/v2\/media\/3074"}],"wp:attachment":[{"href":"https:\/\/mimatvalles.com\/ca\/wp-json\/wp\/v2\/media?parent=3222"}],"wp:term":[{"taxonomy":"product_brand","embeddable":true,"href":"https:\/\/mimatvalles.com\/ca\/wp-json\/wp\/v2\/product_brand?post=3222"},{"taxonomy":"product_cat","embeddable":true,"href":"https:\/\/mimatvalles.com\/ca\/wp-json\/wp\/v2\/product_cat?post=3222"},{"taxonomy":"product_tag","embeddable":true,"href":"https:\/\/mimatvalles.com\/ca\/wp-json\/wp\/v2\/product_tag?post=3222"}],"curies":[{"name":"wp","href":"https:\/\/api.w.org\/{rel}","templated":true}]}}