{"id":3219,"date":"2024-10-29T21:55:14","date_gmt":"2024-10-29T20:55:14","guid":{"rendered":"https:\/\/mimatvalles.com\/producto\/tractament-daprimament-i-reafirmant-2-maquines\/"},"modified":"2024-10-29T21:55:14","modified_gmt":"2024-10-29T20:55:14","slug":"tractament-daprimament-i-reafirmant-2-maquines","status":"publish","type":"product","link":"https:\/\/mimatvalles.com\/ca\/producte\/tractament-daprimament-i-reafirmant-2-maquines\/","title":{"rendered":"Tractament d&#8217;aprimament i reafirmant 2 maquines"},"content":{"rendered":"<p>Combinaci\u00f3 de programes corporals en circuit combinat &#8220;Circuit Body Perfect&#8221; de M\u00edma&#8217;t Vall\u00e8s per millorar tot all\u00f2 que est\u00e8ticament et desagrada del teu cos i que no pots solucionar per tu mateix\/a. Apostem per fer un diagn\u00f2stic personalitzat a cada client, sigui home o dona. D&#8217;aquesta manera detectarem quines s\u00f3n les zones que cal tractar i quin \u00e9s el tractament espec\u00edfic per a cada zona. Crearem un circuit per solucionar les diferents constitucions f\u00edsiques i la seva problem\u00e0tica persistent de greix, retenci\u00f3 de l\u00edquids o marcada cel\u00b7lulitis que afecten zones com malucs, abdomen, cames, glutis i panxa entre d&#8217;altres. M\u00edma&#8217;t Vall\u00e8s vol amb el &#8220;Circuit Body perfect&#8221; ajudar-te a eliminar aquestes zones per fer-te sentir tu mateixa novament. Com es desenvolupa el Circuit Body Perfect? El Circuit Body Perfect est\u00e0 definit per fases dactuaci\u00f3. L&#8217;objectiu inicial \u00e9s la reducci\u00f3 de teixit adip\u00f3s amb la conseq\u00fcent disminuci\u00f3 de volum i pes. A les seg\u00fcents fases i sempre mantenint actuacions de la primera fase, es procedeix a la reafirmaci\u00f3 del teixit per tal d&#8217;eliminar l&#8217;efecte de flacciditat. Un cop obtenim els resultats del teu estudi realitzat per la directora t\u00e8cnica Teresa Montserrat, personalitzem el Circuit Body Perfect m\u00e9s efectiu per a la teva estructura corporal. Passarem al pla d&#8217;acci\u00f3, planificant les teves visites on farem servir la nostra aparatologia d&#8217;\u00faltima generaci\u00f3.<\/p>\n","protected":false},"excerpt":{"rendered":"","protected":false},"featured_media":3088,"comment_status":"open","ping_status":"closed","template":"","meta":[],"product_brand":[],"product_cat":[51],"product_tag":[],"class_list":{"0":"post-3219","1":"product","2":"type-product","3":"status-publish","4":"has-post-thumbnail","6":"product_cat-tractaments-corporals","8":"first","9":"instock","10":"shipping-taxable","11":"purchasable","12":"product-type-variable"},"_links":{"self":[{"href":"https:\/\/mimatvalles.com\/ca\/wp-json\/wp\/v2\/product\/3219","targetHints":{"allow":["GET"]}}],"collection":[{"href":"https:\/\/mimatvalles.com\/ca\/wp-json\/wp\/v2\/product"}],"about":[{"href":"https:\/\/mimatvalles.com\/ca\/wp-json\/wp\/v2\/types\/product"}],"replies":[{"embeddable":true,"href":"https:\/\/mimatvalles.com\/ca\/wp-json\/wp\/v2\/comments?post=3219"}],"wp:featuredmedia":[{"embeddable":true,"href":"https:\/\/mimatvalles.com\/ca\/wp-json\/wp\/v2\/media\/3088"}],"wp:attachment":[{"href":"https:\/\/mimatvalles.com\/ca\/wp-json\/wp\/v2\/media?parent=3219"}],"wp:term":[{"taxonomy":"product_brand","embeddable":true,"href":"https:\/\/mimatvalles.com\/ca\/wp-json\/wp\/v2\/product_brand?post=3219"},{"taxonomy":"product_cat","embeddable":true,"href":"https:\/\/mimatvalles.com\/ca\/wp-json\/wp\/v2\/product_cat?post=3219"},{"taxonomy":"product_tag","embeddable":true,"href":"https:\/\/mimatvalles.com\/ca\/wp-json\/wp\/v2\/product_tag?post=3219"}],"curies":[{"name":"wp","href":"https:\/\/api.w.org\/{rel}","templated":true}]}}