{"id":3218,"date":"2024-10-29T21:55:14","date_gmt":"2024-10-29T20:55:14","guid":{"rendered":"https:\/\/mimatvalles.com\/producto\/electrodepilacio\/"},"modified":"2024-10-29T21:55:14","modified_gmt":"2024-10-29T20:55:14","slug":"electrodepilacio","status":"publish","type":"product","link":"https:\/\/mimatvalles.com\/ca\/producte\/electrodepilacio\/","title":{"rendered":"Electrodepilaci\u00f3"},"content":{"rendered":"<div class=\"portfolio-content\">\n<p>Cal destacar que \u00e9s l&#8217;\u00fanic m\u00e8tode efica\u00e7 per als cabells blancs, p\u00e8l-rojos, ross i cabells residuals despr\u00e9s del tractament l\u00e0ser. \u00c9s un m\u00e8tode que sol utilitzar-se en \u00e0rees petites, sobretot facial i sent molt indicat en els casos de p\u00e8ls clars o fins i tot llargs.<br \/>\n\u00c9s un sistema definitiu i de tractament localitzat, destinat a petites \u00e0rees, com ara la zona facial i sobre zones on el l\u00e0ser no pot actuar. <\/p>\n<\/div>\n","protected":false},"excerpt":{"rendered":"","protected":false},"featured_media":3092,"comment_status":"open","ping_status":"closed","template":"","meta":[],"product_brand":[],"product_cat":[48],"product_tag":[],"class_list":{"0":"post-3218","1":"product","2":"type-product","3":"status-publish","4":"has-post-thumbnail","6":"product_cat-depilacio","8":"first","9":"instock","10":"shipping-taxable","11":"product-type-simple"},"_links":{"self":[{"href":"https:\/\/mimatvalles.com\/ca\/wp-json\/wp\/v2\/product\/3218","targetHints":{"allow":["GET"]}}],"collection":[{"href":"https:\/\/mimatvalles.com\/ca\/wp-json\/wp\/v2\/product"}],"about":[{"href":"https:\/\/mimatvalles.com\/ca\/wp-json\/wp\/v2\/types\/product"}],"replies":[{"embeddable":true,"href":"https:\/\/mimatvalles.com\/ca\/wp-json\/wp\/v2\/comments?post=3218"}],"wp:featuredmedia":[{"embeddable":true,"href":"https:\/\/mimatvalles.com\/ca\/wp-json\/wp\/v2\/media\/3092"}],"wp:attachment":[{"href":"https:\/\/mimatvalles.com\/ca\/wp-json\/wp\/v2\/media?parent=3218"}],"wp:term":[{"taxonomy":"product_brand","embeddable":true,"href":"https:\/\/mimatvalles.com\/ca\/wp-json\/wp\/v2\/product_brand?post=3218"},{"taxonomy":"product_cat","embeddable":true,"href":"https:\/\/mimatvalles.com\/ca\/wp-json\/wp\/v2\/product_cat?post=3218"},{"taxonomy":"product_tag","embeddable":true,"href":"https:\/\/mimatvalles.com\/ca\/wp-json\/wp\/v2\/product_tag?post=3218"}],"curies":[{"name":"wp","href":"https:\/\/api.w.org\/{rel}","templated":true}]}}