{"id":3217,"date":"2024-10-29T21:55:14","date_gmt":"2024-10-29T20:55:14","guid":{"rendered":"https:\/\/mimatvalles.com\/producto\/depilacio-amb-cera\/"},"modified":"2024-10-29T21:55:14","modified_gmt":"2024-10-29T20:55:14","slug":"depilacio-amb-cera","status":"publish","type":"product","link":"https:\/\/mimatvalles.com\/ca\/producte\/depilacio-amb-cera\/","title":{"rendered":"Depilaci\u00f3 amb cera"},"content":{"rendered":"<p>Cera calenta: s&#8217;aplica amb esp\u00e0tula sobre la zona a depilar, la cera calenta t\u00e9 m\u00e9s densitat que la cera t\u00e8bia i ens permet depilar els cabells m\u00e9s gruixuts i resistents a l&#8217;arrencada. Cera t\u00e8bia: \u00e9s el sistema de depilaci\u00f3 m\u00e9s popular. Utilitzem ceres naturals de la m\u00e0xima qualitat que, aplicades amb un roll-on a temperatura t\u00e8bia, ens permeten obtenir el millor resultat i cura de la pell.<\/p>\n","protected":false},"excerpt":{"rendered":"","protected":false},"featured_media":3090,"comment_status":"open","ping_status":"closed","template":"","meta":[],"product_brand":[],"product_cat":[48],"product_tag":[],"class_list":{"0":"post-3217","1":"product","2":"type-product","3":"status-publish","4":"has-post-thumbnail","6":"product_cat-depilacio","8":"first","9":"instock","10":"shipping-taxable","11":"product-type-simple"},"_links":{"self":[{"href":"https:\/\/mimatvalles.com\/ca\/wp-json\/wp\/v2\/product\/3217","targetHints":{"allow":["GET"]}}],"collection":[{"href":"https:\/\/mimatvalles.com\/ca\/wp-json\/wp\/v2\/product"}],"about":[{"href":"https:\/\/mimatvalles.com\/ca\/wp-json\/wp\/v2\/types\/product"}],"replies":[{"embeddable":true,"href":"https:\/\/mimatvalles.com\/ca\/wp-json\/wp\/v2\/comments?post=3217"}],"wp:featuredmedia":[{"embeddable":true,"href":"https:\/\/mimatvalles.com\/ca\/wp-json\/wp\/v2\/media\/3090"}],"wp:attachment":[{"href":"https:\/\/mimatvalles.com\/ca\/wp-json\/wp\/v2\/media?parent=3217"}],"wp:term":[{"taxonomy":"product_brand","embeddable":true,"href":"https:\/\/mimatvalles.com\/ca\/wp-json\/wp\/v2\/product_brand?post=3217"},{"taxonomy":"product_cat","embeddable":true,"href":"https:\/\/mimatvalles.com\/ca\/wp-json\/wp\/v2\/product_cat?post=3217"},{"taxonomy":"product_tag","embeddable":true,"href":"https:\/\/mimatvalles.com\/ca\/wp-json\/wp\/v2\/product_tag?post=3217"}],"curies":[{"name":"wp","href":"https:\/\/api.w.org\/{rel}","templated":true}]}}