{"id":3213,"date":"2024-10-29T21:55:14","date_gmt":"2024-10-29T20:55:14","guid":{"rendered":"https:\/\/mimatvalles.com\/producto\/ssdrenatge-limfatic-manual-normal-i-postquirurgic\/"},"modified":"2025-02-21T15:56:57","modified_gmt":"2025-02-21T14:56:57","slug":"ssdrenatge-limfatic-manual-normal-i-postquirurgic","status":"publish","type":"product","link":"https:\/\/mimatvalles.com\/ca\/producte\/ssdrenatge-limfatic-manual-normal-i-postquirurgic\/","title":{"rendered":"Drenatge limf\u00e0tic manual, normal i postquir\u00fargic"},"content":{"rendered":"<p>El drenatge limf\u00e0tic manual \u00e9s una ter\u00e0pia de desintoxicaci\u00f3 suau que drena l&#8217;exc\u00e9s de l\u00edquid del cos per millorar el funcionament general del sistema limf\u00e0tic (immunol\u00f2gic). El nostre equip de professionals ho apliquen amb suaus moviments en la direcci\u00f3 del flux limf\u00e0tic per desbloquejar els vasos limf\u00e0tics obstru\u00efts el que permet que el flux transporti les deixalles del cos. Posseeix diverses accions com s\u00f3n: simpaticol\u00edtica, analg\u00e8sica, immunit\u00e0ria i drenant. Indicat en moltes patologies que causen dolor, hiperexcitaci\u00f3 del sistema nervi\u00f3s, edema o inflamaci\u00f3, sobretot per a dones embarassades, preoperatoris i postoperatoris.<\/p>\n","protected":false},"excerpt":{"rendered":"","protected":false},"featured_media":3094,"comment_status":"open","ping_status":"closed","template":"","meta":[],"product_brand":[],"product_cat":[49],"product_tag":[],"class_list":{"0":"post-3213","1":"product","2":"type-product","3":"status-publish","4":"has-post-thumbnail","6":"product_cat-massatges","8":"first","9":"instock","10":"shipping-taxable","11":"purchasable","12":"product-type-variable"},"_links":{"self":[{"href":"https:\/\/mimatvalles.com\/ca\/wp-json\/wp\/v2\/product\/3213","targetHints":{"allow":["GET"]}}],"collection":[{"href":"https:\/\/mimatvalles.com\/ca\/wp-json\/wp\/v2\/product"}],"about":[{"href":"https:\/\/mimatvalles.com\/ca\/wp-json\/wp\/v2\/types\/product"}],"replies":[{"embeddable":true,"href":"https:\/\/mimatvalles.com\/ca\/wp-json\/wp\/v2\/comments?post=3213"}],"wp:featuredmedia":[{"embeddable":true,"href":"https:\/\/mimatvalles.com\/ca\/wp-json\/wp\/v2\/media\/3094"}],"wp:attachment":[{"href":"https:\/\/mimatvalles.com\/ca\/wp-json\/wp\/v2\/media?parent=3213"}],"wp:term":[{"taxonomy":"product_brand","embeddable":true,"href":"https:\/\/mimatvalles.com\/ca\/wp-json\/wp\/v2\/product_brand?post=3213"},{"taxonomy":"product_cat","embeddable":true,"href":"https:\/\/mimatvalles.com\/ca\/wp-json\/wp\/v2\/product_cat?post=3213"},{"taxonomy":"product_tag","embeddable":true,"href":"https:\/\/mimatvalles.com\/ca\/wp-json\/wp\/v2\/product_tag?post=3213"}],"curies":[{"name":"wp","href":"https:\/\/api.w.org\/{rel}","templated":true}]}}