{"id":3210,"date":"2024-10-29T21:55:14","date_gmt":"2024-10-29T20:55:14","guid":{"rendered":"https:\/\/mimatvalles.com\/producto\/pressoterapia\/"},"modified":"2025-02-21T14:04:58","modified_gmt":"2025-02-21T13:04:58","slug":"pressoterapia","status":"publish","type":"product","link":"https:\/\/mimatvalles.com\/ca\/producte\/pressoterapia\/","title":{"rendered":"Pressoter\u00e0pia"},"content":{"rendered":"<p>A trav\u00e9s d&#8217;aquest incre\u00efble massatge i gr\u00e0cies a la tecnologia aplicada al sistema de pressi\u00f3 d&#8217;aire de la pressoter\u00e0pia, podr\u00e0s obtenir excel\u00b7lents resultats molt beneficiosos per al teu cos. Un tractament espec\u00edfic per a edemes, sistema circulatori i limf\u00e0tic que ajudar\u00e0 a eliminar l\u00edquids grassos i toxines alleujant el dolor i que l&#8217;estancament circulatori \u00e9s capa\u00e7 de generar cel\u00b7lulitis, edemes, limfoedemes i trastorns venosos com s\u00f3n les varius. <\/p>\n<p>La seva aplicaci\u00f3 \u00e9s indolora, efica\u00e7 i molt beneficiosa per al teu cos comen\u00e7ant a notar els excel\u00b7lents resultats tot just iniciat el tractament<\/p>\n","protected":false},"excerpt":{"rendered":"","protected":false},"featured_media":3098,"comment_status":"open","ping_status":"closed","template":"","meta":[],"product_brand":[],"product_cat":[51],"product_tag":[],"class_list":{"0":"post-3210","1":"product","2":"type-product","3":"status-publish","4":"has-post-thumbnail","6":"product_cat-tractaments-corporals","8":"first","9":"instock","10":"shipping-taxable","11":"purchasable","12":"product-type-variable"},"_links":{"self":[{"href":"https:\/\/mimatvalles.com\/ca\/wp-json\/wp\/v2\/product\/3210","targetHints":{"allow":["GET"]}}],"collection":[{"href":"https:\/\/mimatvalles.com\/ca\/wp-json\/wp\/v2\/product"}],"about":[{"href":"https:\/\/mimatvalles.com\/ca\/wp-json\/wp\/v2\/types\/product"}],"replies":[{"embeddable":true,"href":"https:\/\/mimatvalles.com\/ca\/wp-json\/wp\/v2\/comments?post=3210"}],"wp:featuredmedia":[{"embeddable":true,"href":"https:\/\/mimatvalles.com\/ca\/wp-json\/wp\/v2\/media\/3098"}],"wp:attachment":[{"href":"https:\/\/mimatvalles.com\/ca\/wp-json\/wp\/v2\/media?parent=3210"}],"wp:term":[{"taxonomy":"product_brand","embeddable":true,"href":"https:\/\/mimatvalles.com\/ca\/wp-json\/wp\/v2\/product_brand?post=3210"},{"taxonomy":"product_cat","embeddable":true,"href":"https:\/\/mimatvalles.com\/ca\/wp-json\/wp\/v2\/product_cat?post=3210"},{"taxonomy":"product_tag","embeddable":true,"href":"https:\/\/mimatvalles.com\/ca\/wp-json\/wp\/v2\/product_tag?post=3210"}],"curies":[{"name":"wp","href":"https:\/\/api.w.org\/{rel}","templated":true}]}}