{"id":3203,"date":"2024-10-29T21:55:15","date_gmt":"2024-10-29T20:55:15","guid":{"rendered":"https:\/\/mimatvalles.com\/producto\/manicura-i-pedicura-completa\/"},"modified":"2024-10-29T21:55:15","modified_gmt":"2024-10-29T20:55:15","slug":"manicura-i-pedicura-completa","status":"publish","type":"product","link":"https:\/\/mimatvalles.com\/ca\/producte\/manicura-i-pedicura-completa\/","title":{"rendered":"Manicura i pedicura completa"},"content":{"rendered":"<p>Presumeix de mans i\/o peus ben cuidats. Es llimen les ungles per donar-los forma, s&#8217;eliminen les dureses i es realitza una bona hidrataci\u00f3 per rebre un agra\u00eft massatge, despr\u00e9s esmaltar. <\/p>\n","protected":false},"excerpt":{"rendered":"","protected":false},"featured_media":3110,"comment_status":"open","ping_status":"closed","template":"","meta":[],"product_brand":[],"product_cat":[52],"product_tag":[],"class_list":{"0":"post-3203","1":"product","2":"type-product","3":"status-publish","4":"has-post-thumbnail","6":"product_cat-manicura-i-pedicura","8":"first","9":"instock","10":"shipping-taxable","11":"product-type-variable"},"_links":{"self":[{"href":"https:\/\/mimatvalles.com\/ca\/wp-json\/wp\/v2\/product\/3203","targetHints":{"allow":["GET"]}}],"collection":[{"href":"https:\/\/mimatvalles.com\/ca\/wp-json\/wp\/v2\/product"}],"about":[{"href":"https:\/\/mimatvalles.com\/ca\/wp-json\/wp\/v2\/types\/product"}],"replies":[{"embeddable":true,"href":"https:\/\/mimatvalles.com\/ca\/wp-json\/wp\/v2\/comments?post=3203"}],"wp:featuredmedia":[{"embeddable":true,"href":"https:\/\/mimatvalles.com\/ca\/wp-json\/wp\/v2\/media\/3110"}],"wp:attachment":[{"href":"https:\/\/mimatvalles.com\/ca\/wp-json\/wp\/v2\/media?parent=3203"}],"wp:term":[{"taxonomy":"product_brand","embeddable":true,"href":"https:\/\/mimatvalles.com\/ca\/wp-json\/wp\/v2\/product_brand?post=3203"},{"taxonomy":"product_cat","embeddable":true,"href":"https:\/\/mimatvalles.com\/ca\/wp-json\/wp\/v2\/product_cat?post=3203"},{"taxonomy":"product_tag","embeddable":true,"href":"https:\/\/mimatvalles.com\/ca\/wp-json\/wp\/v2\/product_tag?post=3203"}],"curies":[{"name":"wp","href":"https:\/\/api.w.org\/{rel}","templated":true}]}}