{"id":3171,"date":"2024-10-29T21:55:57","date_gmt":"2024-10-29T20:55:57","guid":{"rendered":"https:\/\/mimatvalles.com\/producto\/laser-diode-triple-ona\/"},"modified":"2024-10-29T21:55:57","modified_gmt":"2024-10-29T20:55:57","slug":"laser-diode-triple-ona","status":"publish","type":"product","link":"https:\/\/mimatvalles.com\/ca\/producte\/laser-diode-triple-ona\/","title":{"rendered":"L\u00e0ser Diode triple ona"},"content":{"rendered":"<p>La metodologia l\u00e0ser es basa a transformar la melanina del p\u00e8l en calor per assolir i destruir la c\u00e8l\u00b7lula que el genera, impedint-ne el creixement. Aquest proc\u00e9s utilitza un punter fred que, en contacte amb la pell, minimitza el dolor. Les r\u00e0fegues de l\u00e0ser asseguren una m\u00e0xima efic\u00e0cia en poc temps. A m\u00e9s, l&#8217;equip compta amb m\u00faltiples regulacions per adaptar-se al color i gruix del p\u00e8l, aix\u00ed com al fototipus de pell, incrementant-ne l&#8217;efectivitat i protegint la pell. El nostre equip de terapeutes diplomades i especialistes en l\u00e0ser compta amb m\u00e9s de 10 anys d&#8217;experi\u00e8ncia en el tractament de l&#8217;hirsutisme i l&#8217;eliminaci\u00f3 del p\u00e8l.   <\/p>\n<p><strong>Serveis Inclosos:<\/strong><\/p>\n<ul>\n<li>Alta pot\u00e8ncia l\u00e0ser.<\/li>\n<li>Protocol de preparaci\u00f3 pre i post tractament.<\/li>\n<li>Seguiment personalitzat i revisions per avaluar el progr\u00e9s del tractament.<\/li>\n<li>Recordatori el dia anterior a la cita, ideal per a adolescents o persones que requereixen assist\u00e8ncia addicional.<\/li>\n<\/ul>\n<p><strong>Programa Especial per a Zones Sensibles:<\/strong> Per a \u00e0rees sensibles o \u00edntimes, ajustem el pols i la pot\u00e8ncia i proporcionem recomanacions per minimitzar qualsevol mol\u00e8stia. A Mima&#8217;t Vall\u00e8s, oferim un servei personalitzat i un tracte amable, assegurant-nos que et sentis c\u00f2mode mentre obtens els millors resultats. <strong>Bons Disponibles:<\/strong> Disposem d&#8217;opcions de bons perqu\u00e8 pugueu gaudir d&#8217;una pell suau, sempre lliure de p\u00e8l no desitjat.<\/p>\n","protected":false},"excerpt":{"rendered":"","protected":false},"featured_media":3167,"comment_status":"open","ping_status":"closed","template":"","meta":[],"product_brand":[],"product_cat":[48],"product_tag":[],"class_list":{"0":"post-3171","1":"product","2":"type-product","3":"status-publish","4":"has-post-thumbnail","6":"product_cat-depilacio","8":"first","9":"instock","10":"shipping-taxable","11":"purchasable","12":"product-type-variable"},"_links":{"self":[{"href":"https:\/\/mimatvalles.com\/ca\/wp-json\/wp\/v2\/product\/3171","targetHints":{"allow":["GET"]}}],"collection":[{"href":"https:\/\/mimatvalles.com\/ca\/wp-json\/wp\/v2\/product"}],"about":[{"href":"https:\/\/mimatvalles.com\/ca\/wp-json\/wp\/v2\/types\/product"}],"replies":[{"embeddable":true,"href":"https:\/\/mimatvalles.com\/ca\/wp-json\/wp\/v2\/comments?post=3171"}],"wp:featuredmedia":[{"embeddable":true,"href":"https:\/\/mimatvalles.com\/ca\/wp-json\/wp\/v2\/media\/3167"}],"wp:attachment":[{"href":"https:\/\/mimatvalles.com\/ca\/wp-json\/wp\/v2\/media?parent=3171"}],"wp:term":[{"taxonomy":"product_brand","embeddable":true,"href":"https:\/\/mimatvalles.com\/ca\/wp-json\/wp\/v2\/product_brand?post=3171"},{"taxonomy":"product_cat","embeddable":true,"href":"https:\/\/mimatvalles.com\/ca\/wp-json\/wp\/v2\/product_cat?post=3171"},{"taxonomy":"product_tag","embeddable":true,"href":"https:\/\/mimatvalles.com\/ca\/wp-json\/wp\/v2\/product_tag?post=3171"}],"curies":[{"name":"wp","href":"https:\/\/api.w.org\/{rel}","templated":true}]}}