{"id":3838,"date":"2025-02-26T19:51:14","date_gmt":"2025-02-26T18:51:14","guid":{"rendered":"https:\/\/mimatvalles.com\/politica-de-privadesa\/"},"modified":"2025-02-26T20:44:41","modified_gmt":"2025-02-26T19:44:41","slug":"politica-de-privadesa","status":"publish","type":"page","link":"https:\/\/mimatvalles.com\/ca\/politica-de-privadesa\/","title":{"rendered":"Pol\u00edtica de privadesa"},"content":{"rendered":"\n<div class=\"wp-block-columns is-layout-flex wp-container-core-columns-is-layout-28f84493 wp-block-columns-is-layout-flex\">\n<div class=\"wp-block-column is-layout-flow wp-block-column-is-layout-flow\" style=\"flex-basis:25%\"><\/div>\n\n\n\n<div class=\"wp-block-column is-layout-flow wp-block-column-is-layout-flow\" style=\"flex-basis:50%\">\n<p>Teresa Montserrat Torres, prove\u00efda de CIF 33909902J \u00e9s gerent del <strong>Centre est\u00e8tic Mima&#8217;t Vall\u00e8s<\/strong> i actua com a titular, dinamitzadora i gestora de continguts de la present Web.<\/p>\n\n\n\n<p>Centre est\u00e8tic Mima&#8217;t Vall\u00e8s informa els Usuaris que compleix amb la vigent Llei Org\u00e0nica 15\/1999, de 13 de Desembre, de Protecci\u00f3 de Dades de Car\u00e0cter Personal i amb la Llei de la Societat de Serveis de la Informaci\u00f3 i Comer\u00e7 Electr\u00f2nic, Llei 34\/2002, de 11 de juliol.<\/p>\n\n\n\n<p>Qualsevol altra activitat comercial, mercantil, administrativa o de contractaci\u00f3 de b\u00e9ns i\/o serveis \u00e9s responsabilitat de l\u2019organitzaci\u00f3 esmentada anteriorment, propiet\u00e0ria d\u2019aquest domini.<\/p>\n\n\n\n<p>D&#8217;acord amb el que disposa la normativa vigent, Centre est\u00e8tic Mima&#8217;t Vall\u00e8s, nom\u00e9s recull les dades estrictament necess\u00e0ries per oferir els serveis derivats de la seva activitat i altres prestacions, gestions i activitats atribu\u00efdes per la Llei.<\/p>\n\n\n\n<p>Centre est\u00e8tic Mima&#8217;t Vall\u00e8s, es reserva el dret a modificar la present pol\u00edtica de privadesa per adaptar-la a les novetats legislatives o jurisprudencials que es troben vigents en el moment.<\/p>\n\n\n\n<p><strong>CONFIDENCIALITAT<\/strong><\/p>\n\n\n\n<p>Totes les dades proporcionades mitjan\u00e7ant correu electr\u00f2nic o formularis electr\u00f2nics seran tractats segons la normativa vigent sobre protecci\u00f3 de dades personals, i en tot cas tindran el car\u00e0cter de confidencial per al personal de <strong>Centre est\u00e8tic Mima&#8217;t Vall\u00e8s<\/strong>, que gestioni aquesta informaci\u00f3.<\/p>\n\n\n\n<p><strong>DADES PERSONALS<\/strong><\/p>\n\n\n\n<p>S&#8217;informa als Usuaris de la website, que les respostes a les preguntes plantejades als formularis de recollida de dades que puguin ser contingudes a la present website tenen car\u00e0cter voluntari, si b\u00e9 la negativa a facilitar les dades sol\u00b7licitades pot comportar la impossibilitat d&#8217;acc\u00e9s als serveis que ho requereixin.<\/p>\n\n\n\n<p>La implementaci\u00f3 de dades s\u00f3n relatives a la dinamitzaci\u00f3 i gesti\u00f3 de continguts realitzats per <strong>Centre est\u00e8tic Mima\u2019t Vall\u00e8s<\/strong>, els Usuaris accepten la inclusi\u00f3 i tractament de les dades que proporcionin en un fitxer de dades de car\u00e0cter personal, del qual \u00e9s titular <strong>Centre est\u00e8tic Mima\u2019t Vall\u00e8s<\/strong>.<\/p>\n\n\n\n<p>Els Usuaris podran exercitar els drets reconeguts a la Llei Org\u00e0nica 15\/1999, i en particular els drets d&#8217;acc\u00e9s, rectificaci\u00f3, oposici\u00f3 i\/o cancel\u00b7laci\u00f3 de dades mitjan\u00e7ant sol\u00b7licitud escrita i signada, acompanyada de fotoc\u00f2pia de DNI o Passaport, adre\u00e7ada a la seg\u00fcent adre\u00e7a: <\/p>\n\n\n\n<p>Pla\u00e7a Europa, 11 local 2<\/p>\n\n\n\n<p>08211 Castellar del Vall\u00e8s (Barcelona)<\/p>\n\n\n\n<p>Aix\u00ed mateix, si no voleu rebre informaci\u00f3 via correu electr\u00f2nic o qualsevol altre mitj\u00e0, podreu comunicar-ho per qualsevol mitj\u00e0 que quedi const\u00e0ncia de la seva recepci\u00f3 a <strong>Centre est\u00e8tic Mima\u2019t Vall\u00e8s<\/strong>. a la direcci\u00f3 a dalt indicada.<\/p>\n\n\n\n<p>Les dades recollides s\u00f3n de car\u00e0cter b\u00e0sic i necess\u00e0ries per a la identificaci\u00f3 de l&#8217;Usuari: Nom, Cognoms, e-mail, tel\u00e8fon i nom\u00e9s tenen la utilitat de servei al client i s\u00f3n conservats amb la finalitat de realitzar el manteniment i la gesti\u00f3 de la relaci\u00f3 amb els usuaris, informaci\u00f3 i distribuci\u00f3 dels serveis de l&#8217;organitzaci\u00f3, aix\u00ed com la realitzaci\u00f3 d&#8217;activitats diverses com per a l&#8217;acc\u00e9s dels Usuaris a determinats continguts facilitats als websites.<\/p>\n\n\n\n<p>En cap cas no seran cedits o venuts a tercers.<\/p>\n\n\n\n<p>Les dades recollides s\u00f3n necess\u00e0ries per la realitzaci\u00f3 d&#8217;estudis estad\u00edstics dels Usuaris registrats i implica acceptar aquestes condicions d&#8217;\u00fas i pol\u00edtica de privadesa; donant per ent\u00e8s que ha estat informat de les condicions d&#8217;\u00fas i av\u00eds legal de les mateixes i que es compromet al seu compliment complet durant la navegaci\u00f3 i participaci\u00f3 a la Web.<\/p>\n\n\n\n<p>Tant l&#8217;acc\u00e9s als websites com l&#8217;\u00fas que pugui realitzar-se de la informaci\u00f3 i continguts inclosos en els mateixos, ser\u00e0 d&#8217;exclusiva responsabilitat de qui ho realitzi.<\/p>\n\n\n\n<p>&nbsp;Per tant, l&#8217;\u00fas que es pugui fer de la informaci\u00f3, imatges, continguts i\/o productes ressenyats i accessibles a trav\u00e9s d&#8217;aquest, estar\u00e0 supeditada a la legalitat, sigui nacional o internacional, aplicable, aix\u00ed com als principis de bona fe i \u00fas l\u00edcit per part dels Usuaris, els quals seran enterament responsables d&#8217;aquest acc\u00e9s i \u00fas correcte. Els Usuaris estaran obligats a fer un \u00fas raonable dels serveis o continguts, sota el principi de bona fe i amb respecte a la legalitat vigent, a la moral, a l&#8217;ordre p\u00fablic, als bons costums, als drets de tercers o de la pr\u00f2pia empresa, tot aix\u00f2 segons les possibilitats i fins per als que estan concebuts.<\/p>\n\n\n\n<p><strong>Centre est\u00e8tic Mima&#8217;t Vall\u00e8s<\/strong>. no assumeix responsabilitats, ja siguin directes o indirectes, per dany emergent o lucre cessant, derivades del mal \u00fas dels serveis o continguts realitzat pels usuaris o tercers.<\/p>\n\n\n\n<p><strong>INFORMACI\u00d3 LSSI-CE<\/strong><\/p>\n\n\n\n<p>En compliment del deure informaci\u00f3 contemplat a l&#8217;article 10 de la vigent Llei 34\/2002, d&#8217;11 de juliol, de Serveis de la Societat de la Informaci\u00f3 i de Comer\u00e7 Electr\u00f2nic, us comuniquem que la dinamitzadora i gestora de continguts de la Web on podeu descarregar diferents informacions \u00e9s <strong>Centre est\u00e8tic Mima\u2019t Vall\u00e8s<\/strong>, amb la seg\u00fcent adre\u00e7a: Pla\u00e7a Europa, 1 amb la gesti\u00f3 del domini d&#8217;Internet www.mimatvalles.com inscrit al registre corresponent, atenent a comunicacions dels usuaris i\/o interessats a trav\u00e9s de l&#8217;e-mail <a href=\"mailto:mimat.valles@gmail.com\">mimat.valles@gmail.com<\/a>.<\/p>\n\n\n\n<p>L&#8217;empresa nom\u00e9s es fa responsable dels continguts i de la gesti\u00f3 de les p\u00e0gines web de la qual sigui ella el titular o ostenti un dret de naturalesa an\u00e0loga. Qualsevol altra p\u00e0gina web o xarxa social o repositori d&#8217;informaci\u00f3 a Internet, fora de la present web, \u00e9s responsabilitat dels titulars leg\u00edtims.<\/p>\n\n\n\n<p><strong>Centre est\u00e8tic Mima\u2019t Vall\u00e8s<\/strong>, no pot assumir cap responsabilitat derivada de l&#8217;\u00fas incorrecte, inapropiat o il\u00b7l\u00edcit de la informaci\u00f3 apareguda a les p\u00e0gines d&#8217;Internet de <strong>Centre est\u00e8tic Mima\u2019t Vall\u00e8s<\/strong>, amb els l\u00edmits establerts a la llei.<\/p>\n\n\n\n<p><strong>Centre est\u00e8tic Mima&#8217;t Vall\u00e8s<\/strong>, no assumeix cap responsabilitat derivada de la manca de veracitat, integritat, actualitzaci\u00f3 i precisi\u00f3 de les dades o informacions que es contenen a les p\u00e0gines d&#8217;Internet.<\/p>\n\n\n\n<p>Els textos, imatges, sons, animacions, programari i la resta de continguts inclosos en aquest website s\u00f3n propietat exclusiva de <strong>Centre est\u00e8tic Mima&#8217;t Vall\u00e8s<\/strong>, o els seus llicenciants. Qualsevol acte de transmissi\u00f3, distribuci\u00f3, cessi\u00f3, reproducci\u00f3, emmagatzematge o comunicaci\u00f3 p\u00fablica total o parcial, ha de comptar amb el consentiment expr\u00e9s de <strong>Centre est\u00e8tic Mima&#8217;t Vall\u00e8s<\/strong>.<\/p>\n<\/div>\n\n\n\n<div class=\"wp-block-column is-layout-flow wp-block-column-is-layout-flow\" style=\"flex-basis:25%\"><\/div>\n<\/div>\n\n\n\n<div class=\"wp-block-columns is-layout-flex wp-container-core-columns-is-layout-28f84493 wp-block-columns-is-layout-flex\"><\/div>\n","protected":false},"excerpt":{"rendered":"","protected":false},"author":4,"featured_media":0,"parent":0,"menu_order":0,"comment_status":"closed","ping_status":"closed","template":"","meta":{"footnotes":""},"class_list":["post-3838","page","type-page","status-publish","hentry"],"_links":{"self":[{"href":"https:\/\/mimatvalles.com\/ca\/wp-json\/wp\/v2\/pages\/3838","targetHints":{"allow":["GET"]}}],"collection":[{"href":"https:\/\/mimatvalles.com\/ca\/wp-json\/wp\/v2\/pages"}],"about":[{"href":"https:\/\/mimatvalles.com\/ca\/wp-json\/wp\/v2\/types\/page"}],"author":[{"embeddable":true,"href":"https:\/\/mimatvalles.com\/ca\/wp-json\/wp\/v2\/users\/4"}],"replies":[{"embeddable":true,"href":"https:\/\/mimatvalles.com\/ca\/wp-json\/wp\/v2\/comments?post=3838"}],"version-history":[{"count":2,"href":"https:\/\/mimatvalles.com\/ca\/wp-json\/wp\/v2\/pages\/3838\/revisions"}],"predecessor-version":[{"id":3841,"href":"https:\/\/mimatvalles.com\/ca\/wp-json\/wp\/v2\/pages\/3838\/revisions\/3841"}],"wp:attachment":[{"href":"https:\/\/mimatvalles.com\/ca\/wp-json\/wp\/v2\/media?parent=3838"}],"curies":[{"name":"wp","href":"https:\/\/api.w.org\/{rel}","templated":true}]}}