{"id":3834,"date":"2025-02-26T19:59:43","date_gmt":"2025-02-26T18:59:43","guid":{"rendered":"https:\/\/mimatvalles.com\/politica-de-reemborsament\/"},"modified":"2025-02-26T20:28:53","modified_gmt":"2025-02-26T19:28:53","slug":"politica-de-reemborsament","status":"publish","type":"page","link":"https:\/\/mimatvalles.com\/ca\/politica-de-reemborsament\/","title":{"rendered":"Pol\u00edtica de reemborsament"},"content":{"rendered":"\n<div class=\"wp-block-columns is-layout-flex wp-container-core-columns-is-layout-28f84493 wp-block-columns-is-layout-flex\">\n<div class=\"wp-block-column is-layout-flow wp-block-column-is-layout-flow\" style=\"flex-basis:25%\"><\/div>\n\n\n\n<div class=\"wp-block-column is-layout-flow wp-block-column-is-layout-flow\" style=\"flex-basis:50%\">\n<p>Els tractaments podr\u00e0s canviar-los per altres del teu gust sempre que no hagin estat iniciats,<br>cal tenir en compte que els paquets s\u00f3n indivisibles i es processen en conjunt, de la mateixa<br>manera que el seu valor t\u00e9 en compte els descomptes de promoci\u00f3 que se&#8217;ls hagin aplicat.<br>El per\u00edode de devoluci\u00f3 est\u00e0 limitat a 30 dies des de la data de compra podent escollir entre un altre tractament o el seu reemborsament, sempre amb el mateix procediment de pagament que es va utilitzar a la compra.<br>En el cas de pagaments efectuats per transfer\u00e8ncia, cal tenir en compte els temps de proc\u00e9s de gesti\u00f3 que les entitats banc\u00e0ries necessiten.<br>No s&#8217;aplicaran despeses de gesti\u00f3 en la primera devoluci\u00f3, per\u00f2 en les successives si seran<br>aplicades les despeses generades.<br>Per processar la seva devoluci\u00f3 poseu-vos en contacte utilitzant els mitjans indicats en aquesta Web.<\/p>\n<\/div>\n\n\n\n<div class=\"wp-block-column is-layout-flow wp-block-column-is-layout-flow\" style=\"flex-basis:25%\"><\/div>\n<\/div>\n","protected":false},"excerpt":{"rendered":"","protected":false},"author":4,"featured_media":0,"parent":0,"menu_order":0,"comment_status":"closed","ping_status":"closed","template":"","meta":{"footnotes":""},"class_list":["post-3834","page","type-page","status-publish","hentry"],"_links":{"self":[{"href":"https:\/\/mimatvalles.com\/ca\/wp-json\/wp\/v2\/pages\/3834","targetHints":{"allow":["GET"]}}],"collection":[{"href":"https:\/\/mimatvalles.com\/ca\/wp-json\/wp\/v2\/pages"}],"about":[{"href":"https:\/\/mimatvalles.com\/ca\/wp-json\/wp\/v2\/types\/page"}],"author":[{"embeddable":true,"href":"https:\/\/mimatvalles.com\/ca\/wp-json\/wp\/v2\/users\/4"}],"replies":[{"embeddable":true,"href":"https:\/\/mimatvalles.com\/ca\/wp-json\/wp\/v2\/comments?post=3834"}],"version-history":[{"count":2,"href":"https:\/\/mimatvalles.com\/ca\/wp-json\/wp\/v2\/pages\/3834\/revisions"}],"predecessor-version":[{"id":3837,"href":"https:\/\/mimatvalles.com\/ca\/wp-json\/wp\/v2\/pages\/3834\/revisions\/3837"}],"wp:attachment":[{"href":"https:\/\/mimatvalles.com\/ca\/wp-json\/wp\/v2\/media?parent=3834"}],"curies":[{"name":"wp","href":"https:\/\/api.w.org\/{rel}","templated":true}]}}