{"id":3643,"date":"2024-10-29T19:11:40","date_gmt":"2024-10-29T18:11:40","guid":{"rendered":"https:\/\/mimatvalles.com\/sobre-mimat-valles\/"},"modified":"2024-11-07T22:17:59","modified_gmt":"2024-11-07T21:17:59","slug":"sobre-mimat-valles","status":"publish","type":"page","link":"https:\/\/mimatvalles.com\/ca\/sobre-mimat-valles\/","title":{"rendered":"Sobre Mima&#8217;t Vall\u00e8s"},"content":{"rendered":"\n<section class=\"wp-block-group has-global-padding is-layout-constrained wp-block-group-is-layout-constrained\" style=\"padding-top:var(--wp--preset--spacing--xxl-xxxl);padding-bottom:var(--wp--preset--spacing--xxl-xxxl)\">\n<div class=\"wp-block-columns alignwide are-vertically-aligned-top is-layout-flex wp-container-core-columns-is-layout-4871f2de wp-block-columns-is-layout-flex\">\n<div class=\"wp-block-column is-vertically-aligned-top is-layout-flow wp-block-column-is-layout-flow\" style=\"flex-basis:30%\">\n<h2 class=\"wp-block-heading\">Bellesa i salut en perfecta harmonia<\/h2>\n<\/div>\n\n\n\n<div class=\"wp-block-column is-vertically-aligned-top is-layout-flow wp-block-column-is-layout-flow\" style=\"flex-basis:70%\">\n<p style=\"font-style:normal;font-weight:300\">Mima&#8217;t Vall\u00e8s \u00e9s un centre d&#8217;est\u00e8tica dedicat a oferir-te la millor atenci\u00f3 i professionalitat al servei que desitges. Sabem que sentir-te b\u00e9 amb la teva imatge tamb\u00e9 \u00e9s salut, per aix\u00f2 no dubtem a oferir-te el tractament m\u00e9s apropiat per al teu cos i la teva pell. Comptem amb els professionals m\u00e9s qualificats i la darrera tecnologia en aparells d&#8217;est\u00e8tica.  <\/p>\n<\/div>\n<\/div>\n<\/section>\n\n<section class=\"wp-block-cover has-parallax has-white-color has-text-color has-link-color wp-elements-e14afb56952714d0eee6570e5cc6ad02\" style=\"padding-top:var(--wp--preset--spacing--xl-xxl);padding-right:var(--wp--preset--spacing--m-l);padding-bottom:var(--wp--preset--spacing--xl-xxl);padding-left:var(--wp--preset--spacing--m-l);min-height:66vh;aspect-ratio:unset;\"><span aria-hidden=\"true\" class=\"wp-block-cover__background has-black-background-color has-background-dim-60 has-background-dim\"><\/span><div class=\"wp-block-cover__image-background wp-image-3276 has-parallax\" style=\"background-position:50% 0%;background-image:url(https:\/\/mimatvalles.com\/wp-content\/uploads\/2024\/10\/girl-3141766_1920.webp)\"><\/div><div class=\"wp-block-cover__inner-container is-layout-flow wp-block-cover-is-layout-flow\">\n<div class=\"wp-block-group alignwide flex-grow-1 is-vertical is-content-justification-stretch is-nowrap is-layout-flex wp-container-core-group-is-layout-5417f414 wp-block-group-is-layout-flex\">\n<div class=\"wp-block-group has-global-padding is-layout-constrained wp-container-core-group-is-layout-7db9d80f wp-block-group-is-layout-constrained\" style=\"padding-right:0;padding-left:0\">\n<h2 class=\"wp-block-heading has-text-align-center\">Qu\u00e8 opinen els nostres clients<\/h2>\n<\/div>\n\n\n\n<div class=\"wp-block-group alignwide has-global-padding is-layout-constrained wp-container-core-group-is-layout-7db9d80f wp-block-group-is-layout-constrained\" style=\"padding-right:0;padding-left:0\">\n<div class=\"wp-block-group alignwide is-style-reel is-nowrap is-layout-flex wp-container-core-group-is-layout-4945793f wp-block-group-is-layout-flex\" style=\"padding-bottom:var(--wp--preset--spacing--m-l)\">\n<div class=\"wp-block-group has-global-padding is-layout-constrained wp-container-core-group-is-layout-7db9d80f wp-block-group-is-layout-constrained\" style=\"padding-right:0;padding-left:0\">\n<blockquote class=\"wp-block-quote has-text-align-center has-large-font-size is-layout-flow wp-block-quote-is-layout-flow\">\n<h3 class=\"wp-block-heading has-base-font-family has-medium-font-size\" style=\"font-style:normal;font-weight:700\">Daniel Montes<\/h3>\n\n\n\n<p>La professionalitat, el tracte i com t&#8217;ajuden per qualsevol dubte que es tingui. Fa uns quants anys i la veritat que em sento b\u00e9 en aquest lloc. El servei de bronzejat ho recomano molt, ja que hi ha 3 opcions a utilitzar. (Facial, Vertical o tombat) dep\u00e8n del dia et pot servir un o altre.   <\/p>\n<\/blockquote>\n<\/div>\n\n\n\n<div class=\"wp-block-group has-global-padding is-layout-constrained wp-container-core-group-is-layout-7db9d80f wp-block-group-is-layout-constrained\" style=\"padding-right:0;padding-left:0\">\n<blockquote class=\"wp-block-quote has-text-align-center has-large-font-size is-layout-flow wp-block-quote-is-layout-flow\">\n<h3 class=\"wp-block-heading has-base-font-family has-medium-font-size\" style=\"font-style:normal;font-weight:700\">Marc Bayo Pujol<\/h3>\n\n\n\n<p>La meva primera visita per mal d&#8217;esquena i ha estat una bona experi\u00e8ncia!! Tracte molt bo, qualitat de massatge i donant consells per disminuir possibles dolors futurs. Ho recomano 100%. Molt professionals!!   <\/p>\n<\/blockquote>\n<\/div>\n\n\n\n<div class=\"wp-block-group has-global-padding is-layout-constrained wp-container-core-group-is-layout-7db9d80f wp-block-group-is-layout-constrained\" style=\"padding-right:0;padding-left:0\">\n<blockquote class=\"wp-block-quote has-text-align-center has-large-font-size is-layout-flow wp-block-quote-is-layout-flow\">\n<h3 class=\"wp-block-heading has-base-font-family has-medium-font-size\" style=\"font-style:normal;font-weight:700\">Cris<\/h3>\n\n\n\n<p>He realitzat el servei de Neteja i tractament facial i ha estat meravell\u00f3s, tant el tracte com la professionalitat i la seva efectivitat. Ho recomano molt. <\/p>\n<\/blockquote>\n<\/div>\n\n\n\n<div class=\"wp-block-group has-global-padding is-layout-constrained wp-container-core-group-is-layout-7db9d80f wp-block-group-is-layout-constrained\" style=\"padding-right:0;padding-left:0\">\n<blockquote class=\"wp-block-quote has-text-align-center has-large-font-size is-layout-flow wp-block-quote-is-layout-flow\">\n<h3 class=\"wp-block-heading has-base-font-family has-medium-font-size\" style=\"font-style:normal;font-weight:700\">Mireia Prudencio<\/h3>\n\n\n\n<p>S\u00faper professionals i molt agradables, gr\u00e0cies!<\/p>\n<\/blockquote>\n<\/div>\n<\/div>\n<\/div>\n<\/div>\n<\/div><\/section>\n\n<div class=\"wp-block-columns is-layout-flex wp-container-core-columns-is-layout-28232c24 wp-block-columns-is-layout-flex\">\n<div class=\"wp-block-column is-layout-flow wp-container-core-column-is-layout-8a368f38 wp-block-column-is-layout-flow\" style=\"flex-basis:50%\">\n<figure class=\"wp-block-image size-full image-expanded\"><img loading=\"lazy\" decoding=\"async\" width=\"873\" height=\"646\" src=\"https:\/\/mimatvalles.com\/wp-content\/uploads\/2024\/10\/mimat-center-photo-1.webp\" alt=\"\" class=\"wp-image-3278\" style=\"aspect-ratio:4\/3;object-fit:cover\" srcset=\"https:\/\/mimatvalles.com\/wp-content\/uploads\/2024\/10\/mimat-center-photo-1.webp 873w, https:\/\/mimatvalles.com\/wp-content\/uploads\/2024\/10\/mimat-center-photo-1-300x222.webp 300w, https:\/\/mimatvalles.com\/wp-content\/uploads\/2024\/10\/mimat-center-photo-1-768x568.webp 768w, https:\/\/mimatvalles.com\/wp-content\/uploads\/2024\/10\/mimat-center-photo-1-600x444.webp 600w\" sizes=\"auto, (max-width: 873px) 100vw, 873px\" \/><\/figure>\n<\/div>\n\n\n\n<div class=\"wp-block-column is-layout-flow wp-container-core-column-is-layout-8a368f38 wp-block-column-is-layout-flow\" style=\"flex-basis:50%\">\n<figure class=\"wp-block-image size-full image-expanded\"><img loading=\"lazy\" decoding=\"async\" width=\"2560\" height=\"1920\" src=\"https:\/\/mimatvalles.com\/wp-content\/uploads\/2024\/10\/mimat-center-photo-2.webp\" alt=\"\" class=\"wp-image-3280\" style=\"aspect-ratio:4\/3;object-fit:cover\" srcset=\"https:\/\/mimatvalles.com\/wp-content\/uploads\/2024\/10\/mimat-center-photo-2.webp 2560w, https:\/\/mimatvalles.com\/wp-content\/uploads\/2024\/10\/mimat-center-photo-2-300x225.webp 300w, https:\/\/mimatvalles.com\/wp-content\/uploads\/2024\/10\/mimat-center-photo-2-1024x768.webp 1024w, https:\/\/mimatvalles.com\/wp-content\/uploads\/2024\/10\/mimat-center-photo-2-768x576.webp 768w, https:\/\/mimatvalles.com\/wp-content\/uploads\/2024\/10\/mimat-center-photo-2-1536x1152.webp 1536w, https:\/\/mimatvalles.com\/wp-content\/uploads\/2024\/10\/mimat-center-photo-2-2048x1536.webp 2048w, https:\/\/mimatvalles.com\/wp-content\/uploads\/2024\/10\/mimat-center-photo-2-600x450.webp 600w\" sizes=\"auto, (max-width: 2560px) 100vw, 2560px\" \/><\/figure>\n<\/div>\n\n\n\n<div class=\"wp-block-column is-layout-flow wp-container-core-column-is-layout-8a368f38 wp-block-column-is-layout-flow\" style=\"flex-basis:50%\">\n<figure class=\"wp-block-image size-full image-expanded\"><img loading=\"lazy\" decoding=\"async\" width=\"1280\" height=\"1228\" src=\"https:\/\/mimatvalles.com\/wp-content\/uploads\/2024\/10\/mimat-center-photo-3.webp\" alt=\"\" class=\"wp-image-3282\" style=\"aspect-ratio:4\/3;object-fit:cover\" srcset=\"https:\/\/mimatvalles.com\/wp-content\/uploads\/2024\/10\/mimat-center-photo-3.webp 1280w, https:\/\/mimatvalles.com\/wp-content\/uploads\/2024\/10\/mimat-center-photo-3-300x288.webp 300w, https:\/\/mimatvalles.com\/wp-content\/uploads\/2024\/10\/mimat-center-photo-3-1024x982.webp 1024w, https:\/\/mimatvalles.com\/wp-content\/uploads\/2024\/10\/mimat-center-photo-3-768x737.webp 768w, https:\/\/mimatvalles.com\/wp-content\/uploads\/2024\/10\/mimat-center-photo-3-600x576.webp 600w\" sizes=\"auto, (max-width: 1280px) 100vw, 1280px\" \/><\/figure>\n<\/div>\n<\/div>\n","protected":false},"excerpt":{"rendered":"","protected":false},"author":2,"featured_media":0,"parent":0,"menu_order":3,"comment_status":"closed","ping_status":"closed","template":"page-sobre-nosotros","meta":{"footnotes":""},"class_list":["post-3643","page","type-page","status-publish","hentry"],"_links":{"self":[{"href":"https:\/\/mimatvalles.com\/ca\/wp-json\/wp\/v2\/pages\/3643","targetHints":{"allow":["GET"]}}],"collection":[{"href":"https:\/\/mimatvalles.com\/ca\/wp-json\/wp\/v2\/pages"}],"about":[{"href":"https:\/\/mimatvalles.com\/ca\/wp-json\/wp\/v2\/types\/page"}],"author":[{"embeddable":true,"href":"https:\/\/mimatvalles.com\/ca\/wp-json\/wp\/v2\/users\/2"}],"replies":[{"embeddable":true,"href":"https:\/\/mimatvalles.com\/ca\/wp-json\/wp\/v2\/comments?post=3643"}],"version-history":[{"count":5,"href":"https:\/\/mimatvalles.com\/ca\/wp-json\/wp\/v2\/pages\/3643\/revisions"}],"predecessor-version":[{"id":3727,"href":"https:\/\/mimatvalles.com\/ca\/wp-json\/wp\/v2\/pages\/3643\/revisions\/3727"}],"wp:attachment":[{"href":"https:\/\/mimatvalles.com\/ca\/wp-json\/wp\/v2\/media?parent=3643"}],"curies":[{"name":"wp","href":"https:\/\/api.w.org\/{rel}","templated":true}]}}