{"id":3641,"date":"2024-10-30T09:32:59","date_gmt":"2024-10-30T08:32:59","guid":{"rendered":"https:\/\/mimatvalles.com\/tractaments\/"},"modified":"2025-02-24T12:17:40","modified_gmt":"2025-02-24T11:17:40","slug":"tractaments","status":"publish","type":"page","link":"https:\/\/mimatvalles.com\/ca\/tractaments\/","title":{"rendered":"Tractaments"},"content":{"rendered":"\n<div class=\"wp-block-group has-global-padding is-layout-constrained wp-container-core-group-is-layout-47e91af5 wp-block-group-is-layout-constrained\">\n<p class=\"has-text-align-center\" style=\"font-style:normal;font-weight:300\">A Mima&#8217;t Vall\u00e8s tenim el tractament que millor s&#8217;adapta a tu: tractaments facials, corporals, massatges, depilaci\u00f3, bronzejat, manicura\u2026<\/p>\n\n\n\n<div class=\"wp-block-group alignfull is-layout-flow wp-container-core-group-is-layout-a77db08e wp-block-group-is-layout-flow\">\n<div class=\"wp-block-columns alignfull is-layout-flex wp-container-core-columns-is-layout-28232c24 wp-block-columns-is-layout-flex\">\n<div class=\"wp-block-column is-layout-flow wp-block-column-is-layout-flow\">\n<div class=\"wp-block-cover is-light has-custom-content-position is-position-bottom-left has-white-color has-text-color has-link-color wp-elements-790cf5f047488a3cbb2ff583d667356d wp-container-content-8d1725e3\" style=\"padding-top:5%;padding-right:5%;padding-bottom:5%;padding-left:5%;min-height:38rem;aspect-ratio:unset;\"><span aria-hidden=\"true\" class=\"wp-block-cover__background has-background-dim-30 has-background-dim\"><\/span><img loading=\"lazy\" decoding=\"async\" width=\"1870\" height=\"1920\" class=\"wp-block-cover__image-background wp-image-3059\" alt=\"\" src=\"https:\/\/mimatvalles.com\/wp-content\/uploads\/2024\/10\/facial-1-1.jpg\" data-object-fit=\"cover\" srcset=\"https:\/\/mimatvalles.com\/wp-content\/uploads\/2024\/10\/facial-1-1.jpg 1870w, https:\/\/mimatvalles.com\/wp-content\/uploads\/2024\/10\/facial-1-1-292x300.jpg 292w, https:\/\/mimatvalles.com\/wp-content\/uploads\/2024\/10\/facial-1-1-997x1024.jpg 997w, https:\/\/mimatvalles.com\/wp-content\/uploads\/2024\/10\/facial-1-1-768x789.jpg 768w, https:\/\/mimatvalles.com\/wp-content\/uploads\/2024\/10\/facial-1-1-1496x1536.jpg 1496w, https:\/\/mimatvalles.com\/wp-content\/uploads\/2024\/10\/facial-1-1-600x616.jpg 600w\" sizes=\"auto, (max-width: 1870px) 100vw, 1870px\" \/><div class=\"wp-block-cover__inner-container is-layout-flow wp-container-core-cover-is-layout-7443bcda wp-block-cover-is-layout-flow\">\n<div class=\"wp-block-group has-global-padding is-content-justification-left is-layout-constrained wp-container-core-group-is-layout-1ad27c61 wp-block-group-is-layout-constrained\" style=\"padding-right:0;padding-left:0\">\n<h3 class=\"wp-block-heading has-text-align-left\">Tractaments facials<\/h3>\n\n\n\n<p class=\"has-text-align-left has-small-font-size\">Neteja, higiene, antiaging, antitaques, revitalitzant, radiofreq\u00fc\u00e8ncia, etc.<\/p>\n\n\n\n<div class=\"wp-block-buttons is-style-outline is-content-justification-left is-layout-flex wp-container-core-buttons-is-layout-fc4fd283 wp-block-buttons-is-layout-flex\">\n<div class=\"wp-block-button is-style-outline is-style-outline--1\"><a class=\"wp-block-button__link wp-element-button\" href=\"https:\/\/mimatvalles.com\/ca\/categoria-producte\/tractaments-facials\">Veure tractaments<\/a><\/div>\n<\/div>\n<\/div>\n<\/div><\/div>\n<\/div>\n\n\n\n<div class=\"wp-block-column is-layout-flow wp-block-column-is-layout-flow\">\n<div class=\"wp-block-cover is-light has-custom-content-position is-position-bottom-left has-white-color has-text-color has-link-color wp-elements-eb84d1aa0d5c2ecb61ba82d9027eb493 wp-container-content-8d1725e3\" style=\"padding-top:5%;padding-right:5%;padding-bottom:5%;padding-left:5%;min-height:38rem;aspect-ratio:unset;\"><span aria-hidden=\"true\" class=\"wp-block-cover__background has-background-dim-30 has-background-dim\"><\/span><img loading=\"lazy\" decoding=\"async\" width=\"1280\" height=\"720\" class=\"wp-block-cover__image-background wp-image-3087\" alt=\"\" src=\"https:\/\/mimatvalles.com\/wp-content\/uploads\/2024\/10\/estrenimiento_d507ba6c_1280x720.jpg\" data-object-fit=\"cover\" srcset=\"https:\/\/mimatvalles.com\/wp-content\/uploads\/2024\/10\/estrenimiento_d507ba6c_1280x720.jpg 1280w, https:\/\/mimatvalles.com\/wp-content\/uploads\/2024\/10\/estrenimiento_d507ba6c_1280x720-300x169.jpg 300w, https:\/\/mimatvalles.com\/wp-content\/uploads\/2024\/10\/estrenimiento_d507ba6c_1280x720-1024x576.jpg 1024w, https:\/\/mimatvalles.com\/wp-content\/uploads\/2024\/10\/estrenimiento_d507ba6c_1280x720-768x432.jpg 768w, https:\/\/mimatvalles.com\/wp-content\/uploads\/2024\/10\/estrenimiento_d507ba6c_1280x720-600x338.jpg 600w\" sizes=\"auto, (max-width: 1280px) 100vw, 1280px\" \/><div class=\"wp-block-cover__inner-container is-layout-flow wp-container-core-cover-is-layout-7443bcda wp-block-cover-is-layout-flow\">\n<div class=\"wp-block-group has-global-padding is-content-justification-left is-layout-constrained wp-container-core-group-is-layout-1ad27c61 wp-block-group-is-layout-constrained\" style=\"padding-right:0;padding-left:0\">\n<h3 class=\"wp-block-heading has-text-align-left\">Tractaments corporals<\/h3>\n\n\n\n<p class=\"has-text-align-left has-small-font-size\">Neteja, higiene, antiaging, antitaques, revitalitzant, radiofreq\u00fc\u00e8ncia, etc.<\/p>\n\n\n\n<div class=\"wp-block-buttons is-style-outline is-content-justification-left is-layout-flex wp-container-core-buttons-is-layout-fc4fd283 wp-block-buttons-is-layout-flex\">\n<div class=\"wp-block-button is-style-outline is-style-outline--2\"><a class=\"wp-block-button__link wp-element-button\" href=\"https:\/\/mimatvalles.com\/ca\/categoria-producte\/tractaments-corporals\/\">Veure tractaments<\/a><\/div>\n<\/div>\n<\/div>\n<\/div><\/div>\n<\/div>\n\n\n\n<div class=\"wp-block-column is-layout-flow wp-block-column-is-layout-flow\">\n<div class=\"wp-block-cover is-light has-custom-content-position is-position-bottom-left has-white-color has-text-color has-link-color wp-elements-285ba5c89332cd05f0a4d946884db4da wp-container-content-8d1725e3\" style=\"padding-top:5%;padding-right:5%;padding-bottom:5%;padding-left:5%;min-height:38rem;aspect-ratio:unset;\"><span aria-hidden=\"true\" class=\"wp-block-cover__background has-background-dim-30 has-background-dim\"><\/span><img loading=\"lazy\" decoding=\"async\" width=\"1920\" height=\"1280\" class=\"wp-block-cover__image-background wp-image-3166\" alt=\"\" src=\"https:\/\/mimatvalles.com\/wp-content\/uploads\/2024\/10\/Electrodepilacion.jpg\" data-object-fit=\"cover\" srcset=\"https:\/\/mimatvalles.com\/wp-content\/uploads\/2024\/10\/Electrodepilacion.jpg 1920w, https:\/\/mimatvalles.com\/wp-content\/uploads\/2024\/10\/Electrodepilacion-300x200.jpg 300w, https:\/\/mimatvalles.com\/wp-content\/uploads\/2024\/10\/Electrodepilacion-1024x683.jpg 1024w, https:\/\/mimatvalles.com\/wp-content\/uploads\/2024\/10\/Electrodepilacion-768x512.jpg 768w, https:\/\/mimatvalles.com\/wp-content\/uploads\/2024\/10\/Electrodepilacion-1536x1024.jpg 1536w, https:\/\/mimatvalles.com\/wp-content\/uploads\/2024\/10\/Electrodepilacion-600x400.jpg 600w\" sizes=\"auto, (max-width: 1920px) 100vw, 1920px\" \/><div class=\"wp-block-cover__inner-container is-layout-flow wp-container-core-cover-is-layout-7443bcda wp-block-cover-is-layout-flow\">\n<div class=\"wp-block-group has-global-padding is-content-justification-left is-layout-constrained wp-container-core-group-is-layout-1ad27c61 wp-block-group-is-layout-constrained\" style=\"padding-right:0;padding-left:0\">\n<h3 class=\"wp-block-heading has-text-align-left\">Depilaci\u00f3<\/h3>\n\n\n\n<p class=\"has-text-align-left has-small-font-size\">La depilaci\u00f3 \u00e9s un dels tractaments de bellesa m\u00e9s antics utilitzats tant per a dones com per a homes. A Mima&#8217;t Vall\u00e8s disposem dels sistemes de depilaci\u00f3 m\u00e9s efectius i moderns, des de la cera de baixa fusi\u00f3 i d&#8217;un sol \u00fas fins al l\u00e0ser d\u00edode. <\/p>\n\n\n\n<div class=\"wp-block-buttons is-style-outline is-content-justification-left is-layout-flex wp-container-core-buttons-is-layout-fc4fd283 wp-block-buttons-is-layout-flex\">\n<div class=\"wp-block-button is-style-outline is-style-outline--3\"><a class=\"wp-block-button__link wp-element-button\" href=\"https:\/\/mimatvalles.com\/ca\/categoria-producte\/depilacio\/\">Veure tractaments<\/a><\/div>\n<\/div>\n<\/div>\n<\/div><\/div>\n<\/div>\n<\/div>\n\n\n\n<div class=\"wp-block-columns alignfull is-layout-flex wp-container-core-columns-is-layout-28232c24 wp-block-columns-is-layout-flex\">\n<div class=\"wp-block-column is-layout-flow wp-block-column-is-layout-flow\">\n<div class=\"wp-block-cover is-light has-custom-content-position is-position-bottom-left has-white-color has-text-color has-link-color wp-elements-1bf7bdfed527fdb32597582c01ae78ff wp-container-content-8d1725e3\" style=\"padding-top:5%;padding-right:5%;padding-bottom:5%;padding-left:5%;min-height:38rem;aspect-ratio:unset;\"><span aria-hidden=\"true\" class=\"wp-block-cover__background has-background-dim-30 has-background-dim\"><\/span><img loading=\"lazy\" decoding=\"async\" width=\"1920\" height=\"1440\" class=\"wp-block-cover__image-background wp-image-3327\" alt=\"\" src=\"https:\/\/mimatvalles.com\/wp-content\/uploads\/2024\/10\/physiotherapy-567021_1920.jpg\" data-object-fit=\"cover\" srcset=\"https:\/\/mimatvalles.com\/wp-content\/uploads\/2024\/10\/physiotherapy-567021_1920.jpg 1920w, https:\/\/mimatvalles.com\/wp-content\/uploads\/2024\/10\/physiotherapy-567021_1920-300x225.jpg 300w, https:\/\/mimatvalles.com\/wp-content\/uploads\/2024\/10\/physiotherapy-567021_1920-1024x768.jpg 1024w, https:\/\/mimatvalles.com\/wp-content\/uploads\/2024\/10\/physiotherapy-567021_1920-768x576.jpg 768w, https:\/\/mimatvalles.com\/wp-content\/uploads\/2024\/10\/physiotherapy-567021_1920-1536x1152.jpg 1536w, https:\/\/mimatvalles.com\/wp-content\/uploads\/2024\/10\/physiotherapy-567021_1920-600x450.jpg 600w\" sizes=\"auto, (max-width: 1920px) 100vw, 1920px\" \/><div class=\"wp-block-cover__inner-container is-layout-flow wp-container-core-cover-is-layout-7443bcda wp-block-cover-is-layout-flow\">\n<div class=\"wp-block-group has-global-padding is-content-justification-left is-layout-constrained wp-container-core-group-is-layout-1ad27c61 wp-block-group-is-layout-constrained\" style=\"padding-right:0;padding-left:0\">\n<h3 class=\"wp-block-heading has-text-align-left\">Massatges<\/h3>\n\n\n\n<p class=\"has-text-align-left has-small-font-size\">Quiromassatge, drenatge limf\u00e0tic, ritual, hot stones, aromater\u00e0pia\u2026<\/p>\n\n\n\n<div class=\"wp-block-buttons is-style-outline is-content-justification-left is-layout-flex wp-container-core-buttons-is-layout-fc4fd283 wp-block-buttons-is-layout-flex\">\n<div class=\"wp-block-button is-style-outline is-style-outline--4\"><a class=\"wp-block-button__link wp-element-button\" href=\"https:\/\/mimatvalles.com\/ca\/categoria-producte\/massatges\/\">Veure massatges<\/a><\/div>\n<\/div>\n<\/div>\n<\/div><\/div>\n<\/div>\n\n\n\n<div class=\"wp-block-column is-layout-flow wp-block-column-is-layout-flow\">\n<div class=\"wp-block-cover is-light has-custom-content-position is-position-bottom-left has-white-color has-text-color has-link-color wp-elements-fc18c7d0a228b6a33f17cbc8af4a3dc0 wp-container-content-8d1725e3\" style=\"padding-top:5%;padding-right:5%;padding-bottom:5%;padding-left:5%;min-height:38rem;aspect-ratio:unset;\"><span aria-hidden=\"true\" class=\"wp-block-cover__background has-background-dim-30 has-background-dim\"><\/span><img loading=\"lazy\" decoding=\"async\" width=\"1707\" height=\"2560\" class=\"wp-block-cover__image-background wp-image-3329\" alt=\"\" src=\"https:\/\/mimatvalles.com\/wp-content\/uploads\/2024\/10\/chelson-tamares-XldjmYB7JpU-unsplash-scaled-1.jpg\" data-object-fit=\"cover\" srcset=\"https:\/\/mimatvalles.com\/wp-content\/uploads\/2024\/10\/chelson-tamares-XldjmYB7JpU-unsplash-scaled-1.jpg 1707w, https:\/\/mimatvalles.com\/wp-content\/uploads\/2024\/10\/chelson-tamares-XldjmYB7JpU-unsplash-scaled-1-200x300.jpg 200w, https:\/\/mimatvalles.com\/wp-content\/uploads\/2024\/10\/chelson-tamares-XldjmYB7JpU-unsplash-scaled-1-683x1024.jpg 683w, https:\/\/mimatvalles.com\/wp-content\/uploads\/2024\/10\/chelson-tamares-XldjmYB7JpU-unsplash-scaled-1-768x1152.jpg 768w, https:\/\/mimatvalles.com\/wp-content\/uploads\/2024\/10\/chelson-tamares-XldjmYB7JpU-unsplash-scaled-1-1024x1536.jpg 1024w, https:\/\/mimatvalles.com\/wp-content\/uploads\/2024\/10\/chelson-tamares-XldjmYB7JpU-unsplash-scaled-1-1366x2048.jpg 1366w, https:\/\/mimatvalles.com\/wp-content\/uploads\/2024\/10\/chelson-tamares-XldjmYB7JpU-unsplash-scaled-1-600x900.jpg 600w\" sizes=\"auto, (max-width: 1707px) 100vw, 1707px\" \/><div class=\"wp-block-cover__inner-container is-layout-flow wp-container-core-cover-is-layout-7443bcda wp-block-cover-is-layout-flow\">\n<div class=\"wp-block-group has-global-padding is-content-justification-left is-layout-constrained wp-container-core-group-is-layout-1ad27c61 wp-block-group-is-layout-constrained\" style=\"padding-right:0;padding-left:0\">\n<h3 class=\"wp-block-heading has-text-align-left\">Mans i peus<\/h3>\n\n\n\n<p class=\"has-text-align-left has-small-font-size\">Manicura i pedicura, normal o semi permanent, spa\u2026<\/p>\n\n\n\n<div class=\"wp-block-buttons is-style-outline is-content-justification-left is-layout-flex wp-container-core-buttons-is-layout-fc4fd283 wp-block-buttons-is-layout-flex\">\n<div class=\"wp-block-button is-style-outline is-style-outline--5\"><a class=\"wp-block-button__link wp-element-button\" href=\"https:\/\/mimatvalles.com\/ca\/producte\/manicura-i-pedicura-completa\/\">Veure tractaments<\/a><\/div>\n<\/div>\n<\/div>\n<\/div><\/div>\n<\/div>\n\n\n\n<div class=\"wp-block-column is-layout-flow wp-block-column-is-layout-flow\">\n<div class=\"wp-block-cover is-light has-custom-content-position is-position-bottom-left has-white-color has-text-color has-link-color wp-elements-80c832d969079197c9789b55c0924287 wp-container-content-8d1725e3\" style=\"padding-top:5%;padding-right:5%;padding-bottom:5%;padding-left:5%;min-height:38rem;aspect-ratio:unset;\"><span aria-hidden=\"true\" class=\"wp-block-cover__background has-background-dim-30 has-background-dim\"><\/span><img loading=\"lazy\" decoding=\"async\" width=\"1024\" height=\"683\" class=\"wp-block-cover__image-background wp-image-3101\" alt=\"\" src=\"https:\/\/mimatvalles.com\/wp-content\/uploads\/2024\/10\/tomar-rayos-uva-1024x683-1.jpg\" data-object-fit=\"cover\" srcset=\"https:\/\/mimatvalles.com\/wp-content\/uploads\/2024\/10\/tomar-rayos-uva-1024x683-1.jpg 1024w, https:\/\/mimatvalles.com\/wp-content\/uploads\/2024\/10\/tomar-rayos-uva-1024x683-1-300x200.jpg 300w, https:\/\/mimatvalles.com\/wp-content\/uploads\/2024\/10\/tomar-rayos-uva-1024x683-1-768x512.jpg 768w, https:\/\/mimatvalles.com\/wp-content\/uploads\/2024\/10\/tomar-rayos-uva-1024x683-1-600x400.jpg 600w\" sizes=\"auto, (max-width: 1024px) 100vw, 1024px\" \/><div class=\"wp-block-cover__inner-container is-layout-flow wp-container-core-cover-is-layout-7443bcda wp-block-cover-is-layout-flow\">\n<div class=\"wp-block-group has-global-padding is-content-justification-left is-layout-constrained wp-container-core-group-is-layout-1ad27c61 wp-block-group-is-layout-constrained\" style=\"padding-right:0;padding-left:0\">\n<h3 class=\"wp-block-heading has-text-align-left\">Solarium<\/h3>\n\n\n\n<p class=\"has-text-align-left has-small-font-size\">Facial, vertical o horitzontal<\/p>\n\n\n\n<div class=\"wp-block-buttons is-style-outline is-content-justification-left is-layout-flex wp-container-core-buttons-is-layout-fc4fd283 wp-block-buttons-is-layout-flex\">\n<div class=\"wp-block-button is-style-outline is-style-outline--6\"><a class=\"wp-block-button__link wp-element-button\" href=\"https:\/\/mimatvalles.com\/ca\/producte\/solarium\/\">Veure servei<\/a><\/div>\n<\/div>\n<\/div>\n<\/div><\/div>\n<\/div>\n<\/div>\n<\/div>\n<\/div>\n","protected":false},"excerpt":{"rendered":"","protected":false},"author":2,"featured_media":0,"parent":0,"menu_order":2,"comment_status":"closed","ping_status":"closed","template":"","meta":{"footnotes":""},"class_list":["post-3641","page","type-page","status-publish","hentry"],"_links":{"self":[{"href":"https:\/\/mimatvalles.com\/ca\/wp-json\/wp\/v2\/pages\/3641","targetHints":{"allow":["GET"]}}],"collection":[{"href":"https:\/\/mimatvalles.com\/ca\/wp-json\/wp\/v2\/pages"}],"about":[{"href":"https:\/\/mimatvalles.com\/ca\/wp-json\/wp\/v2\/types\/page"}],"author":[{"embeddable":true,"href":"https:\/\/mimatvalles.com\/ca\/wp-json\/wp\/v2\/users\/2"}],"replies":[{"embeddable":true,"href":"https:\/\/mimatvalles.com\/ca\/wp-json\/wp\/v2\/comments?post=3641"}],"version-history":[{"count":8,"href":"https:\/\/mimatvalles.com\/ca\/wp-json\/wp\/v2\/pages\/3641\/revisions"}],"predecessor-version":[{"id":3821,"href":"https:\/\/mimatvalles.com\/ca\/wp-json\/wp\/v2\/pages\/3641\/revisions\/3821"}],"wp:attachment":[{"href":"https:\/\/mimatvalles.com\/ca\/wp-json\/wp\/v2\/media?parent=3641"}],"curies":[{"name":"wp","href":"https:\/\/api.w.org\/{rel}","templated":true}]}}